{"id":4077,"date":"2024-11-15T01:19:50","date_gmt":"2024-11-15T01:19:50","guid":{"rendered":"https:\/\/metnor.se\/?post_type=product&#038;p=4077"},"modified":"2024-11-15T01:24:55","modified_gmt":"2024-11-15T01:24:55","slug":"gabion-76x76-mm-mesh-varmforzinkat-svetsat-stal-4-mm-trad-2000x1000x1000-mm","status":"publish","type":"product","link":"https:\/\/metnor.se\/en\/product\/gabion-76x76-mm-mesh-varmforzinkat-svetsat-stal-4-mm-trad-2000x1000x1000-mm\/","title":{"rendered":"Gabion 76&#215;76 mm Mesh, Varmf\u00f6rzinkat Svetsat St\u00e5l, 4 mm Tr\u00e5d, 2000x1000x1000 mm"},"content":{"rendered":"<p>Denna gabion har en meshstorlek p\u00e5 76&#215;76 mm och \u00e4r tillverkad av varmf\u00f6rzinkat svetsat st\u00e5l, vilket ger ett robust och korrosionsbest\u00e4ndigt skydd f\u00f6r l\u00e5ngvarig anv\u00e4ndning utomhus. Med en tr\u00e5dtjocklek p\u00e5 4 mm och dimensionerna 2000x1000x1000 mm \u00e4r den idealisk f\u00f6r st\u00f6dmurar, landskapsdesign och andra konstruktioner som kr\u00e4ver stabilitet och h\u00e5llbarhet.<\/p>\n<p>Vi reserverar oss f\u00f6r eventuella pris\u00e4ndringar.<\/p>","protected":false},"excerpt":{"rendered":"<p>Denna gabion har en meshstorlek p\u00e5 76&#215;76 mm och \u00e4r tillverkad av varmf\u00f6rzinkat svetsat st\u00e5l, vilket ger ett robust och korrosionsbest\u00e4ndigt skydd f\u00f6r l\u00e5ngvarig anv\u00e4ndning utomhus. Med en tr\u00e5dtjocklek p\u00e5 4 mm och dimensionerna 2000x1000x1000 mm \u00e4r den idealisk f\u00f6r st\u00f6dmurar, landskapsdesign och andra konstruktioner som kr\u00e4ver stabilitet och h\u00e5llbarhet. Vi reserverar oss f\u00f6r eventuella [&hellip;]<\/p>\n","protected":false},"featured_media":4078,"template":"","meta":{"site-sidebar-layout":"default","site-content-layout":"","ast-site-content-layout":"default","site-content-style":"default","site-sidebar-style":"default","ast-global-header-display":"","ast-banner-title-visibility":"","ast-main-header-display":"","ast-hfb-above-header-display":"","ast-hfb-below-header-display":"","ast-hfb-mobile-header-display":"","site-post-title":"","ast-breadcrumbs-content":"","ast-featured-img":"","footer-sml-layout":"","theme-transparent-header-meta":"default","adv-header-id-meta":"","stick-header-meta":"default","header-above-stick-meta":"","header-main-stick-meta":"","header-below-stick-meta":"","astra-migrate-meta-layouts":"set","ast-page-background-enabled":"default","ast-page-background-meta":{"desktop":{"background-color":"var(--ast-global-color-4)","background-image":"","background-repeat":"repeat","background-position":"center center","background-size":"auto","background-attachment":"scroll","background-type":"","background-media":"","overlay-type":"","overlay-color":"","overlay-opacity":"","overlay-gradient":""},"tablet":{"background-color":"","background-image":"","background-repeat":"repeat","background-position":"center center","background-size":"auto","background-attachment":"scroll","background-type":"","background-media":"","overlay-type":"","overlay-color":"","overlay-opacity":"","overlay-gradient":""},"mobile":{"background-color":"","background-image":"","background-repeat":"repeat","background-position":"center center","background-size":"auto","background-attachment":"scroll","background-type":"","background-media":"","overlay-type":"","overlay-color":"","overlay-opacity":"","overlay-gradient":""}},"ast-content-background-meta":{"desktop":{"background-color":"var(--ast-global-color-5)","background-image":"","background-repeat":"repeat","background-position":"center center","background-size":"auto","background-attachment":"scroll","background-type":"","background-media":"","overlay-type":"","overlay-color":"","overlay-opacity":"","overlay-gradient":""},"tablet":{"background-color":"var(--ast-global-color-5)","background-image":"","background-repeat":"repeat","background-position":"center center","background-size":"auto","background-attachment":"scroll","background-type":"","background-media":"","overlay-type":"","overlay-color":"","overlay-opacity":"","overlay-gradient":""},"mobile":{"background-color":"var(--ast-global-color-5)","background-image":"","background-repeat":"repeat","background-position":"center center","background-size":"auto","background-attachment":"scroll","background-type":"","background-media":"","overlay-type":"","overlay-color":"","overlay-opacity":"","overlay-gradient":""}}},"product_brand":[],"product_cat":[83],"product_tag":[],"class_list":{"0":"post-4077","1":"product","2":"type-product","3":"status-publish","4":"has-post-thumbnail","6":"product_cat-gabioner","7":"desktop-align-left","8":"tablet-align-left","9":"mobile-align-left","10":"ast-product-gallery-layout-horizontal-slider","11":"ast-product-gallery-with-no-image","12":"ast-product-tabs-layout-horizontal","14":"first","15":"instock","16":"taxable","17":"shipping-taxable","18":"purchasable","19":"product-type-simple"},"_links":{"self":[{"href":"https:\/\/metnor.se\/en\/wp-json\/wp\/v2\/product\/4077","targetHints":{"allow":["GET"]}}],"collection":[{"href":"https:\/\/metnor.se\/en\/wp-json\/wp\/v2\/product"}],"about":[{"href":"https:\/\/metnor.se\/en\/wp-json\/wp\/v2\/types\/product"}],"wp:featuredmedia":[{"embeddable":true,"href":"https:\/\/metnor.se\/en\/wp-json\/wp\/v2\/media\/4078"}],"wp:attachment":[{"href":"https:\/\/metnor.se\/en\/wp-json\/wp\/v2\/media?parent=4077"}],"wp:term":[{"taxonomy":"product_brand","embeddable":true,"href":"https:\/\/metnor.se\/en\/wp-json\/wp\/v2\/product_brand?post=4077"},{"taxonomy":"product_cat","embeddable":true,"href":"https:\/\/metnor.se\/en\/wp-json\/wp\/v2\/product_cat?post=4077"},{"taxonomy":"product_tag","embeddable":true,"href":"https:\/\/metnor.se\/en\/wp-json\/wp\/v2\/product_tag?post=4077"}],"curies":[{"name":"wp","href":"https:\/\/api.w.org\/{rel}","templated":true}]}}