{"id":4065,"date":"2024-11-12T03:33:37","date_gmt":"2024-11-12T03:33:37","guid":{"rendered":"https:\/\/metnor.se\/?post_type=product&#038;p=4065"},"modified":"2026-03-16T10:12:31","modified_gmt":"2026-03-16T10:12:31","slug":"korplat-s355j2n-stal-40-mm","status":"publish","type":"product","link":"https:\/\/metnor.se\/en\/product\/korplat-s355j2n-stal-40-mm\/","title":{"rendered":"K\u00f6rpl\u00e5t S355J2+N, St\u00e5l, 40 mm"},"content":{"rendered":"<p>Denna k\u00f6rpl\u00e5t i st\u00e5l, S355J2+N, \u00e4r designad f\u00f6r att klara mycket tunga belastningar och \u00e4r idealisk f\u00f6r tempor\u00e4ra v\u00e4gar och byggarbetsplatser d\u00e4r extra stabilitet och h\u00e5llbarhet kr\u00e4vs. Standardpriset \u00e4r <strong>4,711 kr per kvadratmeter<\/strong>.<\/p>\n<p><strong>Tillg\u00e4ngliga storlekar och priser:<\/strong><\/p>\n<ul>\n<li><strong>3000&#215;1500 mm<\/strong> (SKU: KP401L2) \u2013 25439 kr<\/li>\n<li><strong>4000&#215;2000 mm<\/strong> (SKU: KP401L3) \u2013 45226 kr<\/li>\n<\/ul>\n<p>Vi kan \u00e4ven ordna specialanpassade storlekar om det beh\u00f6vs. Kontakta oss g\u00e4rna f\u00f6r mer information och ange g\u00e4rna SKU-koden <strong>KP401<\/strong> n\u00e4r ni fr\u00e5gar om anpassningar.<\/p>\n<p>Vi reserverar oss f\u00f6r eventuella prisjusteringar.<\/p>\n<ul>\n<li><strong>Material<\/strong>: St\u00e5l S355J2+N<\/li>\n<li><strong>Tjocklek<\/strong>: 40 mm<\/li>\n<\/ul>","protected":false},"excerpt":{"rendered":"<p>Denna k\u00f6rpl\u00e5t i st\u00e5l, S355J2+N, \u00e4r designad f\u00f6r att klara mycket tunga belastningar och \u00e4r idealisk f\u00f6r tempor\u00e4ra v\u00e4gar och byggarbetsplatser d\u00e4r extra stabilitet och h\u00e5llbarhet kr\u00e4vs. Standardpriset \u00e4r 4,711 kr per kvadratmeter. Tillg\u00e4ngliga storlekar och priser: 3000&#215;1500 mm (SKU: KP401L2) \u2013 25439 kr 4000&#215;2000 mm (SKU: KP401L3) \u2013 45226 kr Vi kan \u00e4ven ordna [&hellip;]<\/p>\n","protected":false},"featured_media":4054,"template":"","meta":{"site-sidebar-layout":"default","site-content-layout":"","ast-site-content-layout":"default","site-content-style":"default","site-sidebar-style":"default","ast-global-header-display":"","ast-banner-title-visibility":"","ast-main-header-display":"","ast-hfb-above-header-display":"","ast-hfb-below-header-display":"","ast-hfb-mobile-header-display":"","site-post-title":"","ast-breadcrumbs-content":"","ast-featured-img":"","footer-sml-layout":"","theme-transparent-header-meta":"default","adv-header-id-meta":"","stick-header-meta":"default","header-above-stick-meta":"","header-main-stick-meta":"","header-below-stick-meta":"","astra-migrate-meta-layouts":"set","ast-page-background-enabled":"default","ast-page-background-meta":{"desktop":{"background-color":"var(--ast-global-color-4)","background-image":"","background-repeat":"repeat","background-position":"center center","background-size":"auto","background-attachment":"scroll","background-type":"","background-media":"","overlay-type":"","overlay-color":"","overlay-opacity":"","overlay-gradient":""},"tablet":{"background-color":"","background-image":"","background-repeat":"repeat","background-position":"center center","background-size":"auto","background-attachment":"scroll","background-type":"","background-media":"","overlay-type":"","overlay-color":"","overlay-opacity":"","overlay-gradient":""},"mobile":{"background-color":"","background-image":"","background-repeat":"repeat","background-position":"center center","background-size":"auto","background-attachment":"scroll","background-type":"","background-media":"","overlay-type":"","overlay-color":"","overlay-opacity":"","overlay-gradient":""}},"ast-content-background-meta":{"desktop":{"background-color":"var(--ast-global-color-5)","background-image":"","background-repeat":"repeat","background-position":"center center","background-size":"auto","background-attachment":"scroll","background-type":"","background-media":"","overlay-type":"","overlay-color":"","overlay-opacity":"","overlay-gradient":""},"tablet":{"background-color":"var(--ast-global-color-5)","background-image":"","background-repeat":"repeat","background-position":"center center","background-size":"auto","background-attachment":"scroll","background-type":"","background-media":"","overlay-type":"","overlay-color":"","overlay-opacity":"","overlay-gradient":""},"mobile":{"background-color":"var(--ast-global-color-5)","background-image":"","background-repeat":"repeat","background-position":"center center","background-size":"auto","background-attachment":"scroll","background-type":"","background-media":"","overlay-type":"","overlay-color":"","overlay-opacity":"","overlay-gradient":""}}},"product_brand":[],"product_cat":[106,79],"product_tag":[],"class_list":{"0":"post-4065","1":"product","2":"type-product","3":"status-publish","4":"has-post-thumbnail","6":"product_cat-korplat","7":"product_cat-platochstal","8":"desktop-align-left","9":"tablet-align-left","10":"mobile-align-left","11":"ast-product-gallery-layout-horizontal-slider","12":"ast-product-gallery-with-no-image","13":"ast-product-single-variable","14":"ast-product-tabs-layout-horizontal","16":"first","17":"instock","18":"taxable","19":"shipping-taxable","20":"purchasable","21":"product-type-variable"},"_links":{"self":[{"href":"https:\/\/metnor.se\/en\/wp-json\/wp\/v2\/product\/4065","targetHints":{"allow":["GET"]}}],"collection":[{"href":"https:\/\/metnor.se\/en\/wp-json\/wp\/v2\/product"}],"about":[{"href":"https:\/\/metnor.se\/en\/wp-json\/wp\/v2\/types\/product"}],"wp:featuredmedia":[{"embeddable":true,"href":"https:\/\/metnor.se\/en\/wp-json\/wp\/v2\/media\/4054"}],"wp:attachment":[{"href":"https:\/\/metnor.se\/en\/wp-json\/wp\/v2\/media?parent=4065"}],"wp:term":[{"taxonomy":"product_brand","embeddable":true,"href":"https:\/\/metnor.se\/en\/wp-json\/wp\/v2\/product_brand?post=4065"},{"taxonomy":"product_cat","embeddable":true,"href":"https:\/\/metnor.se\/en\/wp-json\/wp\/v2\/product_cat?post=4065"},{"taxonomy":"product_tag","embeddable":true,"href":"https:\/\/metnor.se\/en\/wp-json\/wp\/v2\/product_tag?post=4065"}],"curies":[{"name":"wp","href":"https:\/\/api.w.org\/{rel}","templated":true}]}}