{"id":4049,"date":"2024-11-01T08:00:18","date_gmt":"2024-11-01T08:00:18","guid":{"rendered":"https:\/\/metnor.se\/?post_type=product&#038;p=4049"},"modified":"2024-11-01T08:19:53","modified_gmt":"2024-11-01T08:19:53","slug":"durkplat-tarplat-galvaniserat-vfz-stal-4-mm-1500x3000-mm","status":"publish","type":"product","link":"https:\/\/metnor.se\/en\/product\/durkplat-tarplat-galvaniserat-vfz-stal-4-mm-1500x3000-mm\/","title":{"rendered":"Durkpl\u00e5t T\u00e5rpl\u00e5t, Galvaniserat VFZ St\u00e5l, 4 mm, 1500&#215;3000 mm"},"content":{"rendered":"<p>Denna durkpl\u00e5t i galvaniserat VFZ st\u00e5l, k\u00e4nd som t\u00e5rpl\u00e5t, \u00e4r designad f\u00f6r att ge h\u00e5llbart halkskydd och motst\u00e5ndskraft mot korrosion. Med en tjocklek p\u00e5 4 mm och en storlek p\u00e5 1500&#215;3000 mm passar den utm\u00e4rkt f\u00f6r industriella och kommersiella milj\u00f6er d\u00e4r slitstyrka och s\u00e4kerhet \u00e4r prioriterat.<\/p>\n<p>Vi erbjuder specialanpassningar och reserverar oss f\u00f6r eventuella prisjusteringar.<\/p>\n<ul>\n<li><strong>Typ<\/strong>: T\u00e5rpl\u00e5t<\/li>\n<li><strong>Material<\/strong>: Galvaniserat VFZ St\u00e5l<\/li>\n<li><strong>Tjocklek<\/strong>: 4 mm<\/li>\n<li><strong>Storlek<\/strong>: 1500&#215;3000 mm<\/li>\n<\/ul>","protected":false},"excerpt":{"rendered":"<p>Denna durkpl\u00e5t i galvaniserat VFZ st\u00e5l, k\u00e4nd som t\u00e5rpl\u00e5t, \u00e4r designad f\u00f6r att ge h\u00e5llbart halkskydd och motst\u00e5ndskraft mot korrosion. Med en tjocklek p\u00e5 4 mm och en storlek p\u00e5 1500&#215;3000 mm passar den utm\u00e4rkt f\u00f6r industriella och kommersiella milj\u00f6er d\u00e4r slitstyrka och s\u00e4kerhet \u00e4r prioriterat. Vi erbjuder specialanpassningar och reserverar oss f\u00f6r eventuella prisjusteringar. [&hellip;]<\/p>\n","protected":false},"featured_media":4037,"template":"","meta":{"site-sidebar-layout":"default","site-content-layout":"","ast-site-content-layout":"default","site-content-style":"default","site-sidebar-style":"default","ast-global-header-display":"","ast-banner-title-visibility":"","ast-main-header-display":"","ast-hfb-above-header-display":"","ast-hfb-below-header-display":"","ast-hfb-mobile-header-display":"","site-post-title":"","ast-breadcrumbs-content":"","ast-featured-img":"","footer-sml-layout":"","theme-transparent-header-meta":"default","adv-header-id-meta":"","stick-header-meta":"default","header-above-stick-meta":"","header-main-stick-meta":"","header-below-stick-meta":"","astra-migrate-meta-layouts":"set","ast-page-background-enabled":"default","ast-page-background-meta":{"desktop":{"background-color":"var(--ast-global-color-4)","background-image":"","background-repeat":"repeat","background-position":"center center","background-size":"auto","background-attachment":"scroll","background-type":"","background-media":"","overlay-type":"","overlay-color":"","overlay-opacity":"","overlay-gradient":""},"tablet":{"background-color":"","background-image":"","background-repeat":"repeat","background-position":"center center","background-size":"auto","background-attachment":"scroll","background-type":"","background-media":"","overlay-type":"","overlay-color":"","overlay-opacity":"","overlay-gradient":""},"mobile":{"background-color":"","background-image":"","background-repeat":"repeat","background-position":"center center","background-size":"auto","background-attachment":"scroll","background-type":"","background-media":"","overlay-type":"","overlay-color":"","overlay-opacity":"","overlay-gradient":""}},"ast-content-background-meta":{"desktop":{"background-color":"var(--ast-global-color-5)","background-image":"","background-repeat":"repeat","background-position":"center center","background-size":"auto","background-attachment":"scroll","background-type":"","background-media":"","overlay-type":"","overlay-color":"","overlay-opacity":"","overlay-gradient":""},"tablet":{"background-color":"var(--ast-global-color-5)","background-image":"","background-repeat":"repeat","background-position":"center center","background-size":"auto","background-attachment":"scroll","background-type":"","background-media":"","overlay-type":"","overlay-color":"","overlay-opacity":"","overlay-gradient":""},"mobile":{"background-color":"var(--ast-global-color-5)","background-image":"","background-repeat":"repeat","background-position":"center center","background-size":"auto","background-attachment":"scroll","background-type":"","background-media":"","overlay-type":"","overlay-color":"","overlay-opacity":"","overlay-gradient":""}}},"product_brand":[],"product_cat":[80,79],"product_tag":[],"class_list":{"0":"post-4049","1":"product","2":"type-product","3":"status-publish","4":"has-post-thumbnail","6":"product_cat-durkplat","7":"product_cat-platochstal","8":"desktop-align-left","9":"tablet-align-left","10":"mobile-align-left","11":"ast-product-gallery-layout-horizontal-slider","12":"ast-product-gallery-with-no-image","13":"ast-product-tabs-layout-horizontal","15":"first","16":"instock","17":"taxable","18":"shipping-taxable","19":"purchasable","20":"product-type-simple"},"_links":{"self":[{"href":"https:\/\/metnor.se\/en\/wp-json\/wp\/v2\/product\/4049","targetHints":{"allow":["GET"]}}],"collection":[{"href":"https:\/\/metnor.se\/en\/wp-json\/wp\/v2\/product"}],"about":[{"href":"https:\/\/metnor.se\/en\/wp-json\/wp\/v2\/types\/product"}],"wp:featuredmedia":[{"embeddable":true,"href":"https:\/\/metnor.se\/en\/wp-json\/wp\/v2\/media\/4037"}],"wp:attachment":[{"href":"https:\/\/metnor.se\/en\/wp-json\/wp\/v2\/media?parent=4049"}],"wp:term":[{"taxonomy":"product_brand","embeddable":true,"href":"https:\/\/metnor.se\/en\/wp-json\/wp\/v2\/product_brand?post=4049"},{"taxonomy":"product_cat","embeddable":true,"href":"https:\/\/metnor.se\/en\/wp-json\/wp\/v2\/product_cat?post=4049"},{"taxonomy":"product_tag","embeddable":true,"href":"https:\/\/metnor.se\/en\/wp-json\/wp\/v2\/product_tag?post=4049"}],"curies":[{"name":"wp","href":"https:\/\/api.w.org\/{rel}","templated":true}]}}