{"id":4036,"date":"2024-11-01T07:42:44","date_gmt":"2024-11-01T07:42:44","guid":{"rendered":"https:\/\/metnor.se\/?post_type=product&#038;p=4036"},"modified":"2024-11-01T07:42:44","modified_gmt":"2024-11-01T07:42:44","slug":"durkplat-tarplat-svart-stal-3-mm-1500x3000-mm","status":"publish","type":"product","link":"https:\/\/metnor.se\/en\/product\/durkplat-tarplat-svart-stal-3-mm-1500x3000-mm\/","title":{"rendered":"Durkpl\u00e5t T\u00e5rpl\u00e5t, Svart St\u00e5l, 3 mm, 1500&#215;3000 mm"},"content":{"rendered":"<p>Denna durkpl\u00e5t i svart st\u00e5l, kallad t\u00e5rpl\u00e5t, \u00e4r utformad f\u00f6r att ge halkskydd och h\u00e5llbarhet i kr\u00e4vande milj\u00f6er. Med en tjocklek p\u00e5 3 mm och en storlek p\u00e5 1500&#215;3000 mm \u00e4r den idealisk f\u00f6r industriella och kommersiella applikationer d\u00e4r extra grepp och stabilitet beh\u00f6vs.<\/p>\n<p>Vi erbjuder specialanpassningar och reserverar oss f\u00f6r eventuella prisjusteringar.<\/p>\n<ul>\n<li><strong>Typ<\/strong>: T\u00e5rpl\u00e5t<\/li>\n<li><strong>Material<\/strong>: Svart St\u00e5l<\/li>\n<li><strong>Tjocklek<\/strong>: 3 mm<\/li>\n<li><strong>Storlek<\/strong>: 1500&#215;3000 mm<\/li>\n<\/ul>","protected":false},"excerpt":{"rendered":"<p>Denna durkpl\u00e5t i svart st\u00e5l, kallad t\u00e5rpl\u00e5t, \u00e4r utformad f\u00f6r att ge halkskydd och h\u00e5llbarhet i kr\u00e4vande milj\u00f6er. Med en tjocklek p\u00e5 3 mm och en storlek p\u00e5 1500&#215;3000 mm \u00e4r den idealisk f\u00f6r industriella och kommersiella applikationer d\u00e4r extra grepp och stabilitet beh\u00f6vs. Vi erbjuder specialanpassningar och reserverar oss f\u00f6r eventuella prisjusteringar. Typ: T\u00e5rpl\u00e5t [&hellip;]<\/p>\n","protected":false},"featured_media":0,"template":"","meta":{"site-sidebar-layout":"default","site-content-layout":"","ast-site-content-layout":"default","site-content-style":"default","site-sidebar-style":"default","ast-global-header-display":"","ast-banner-title-visibility":"","ast-main-header-display":"","ast-hfb-above-header-display":"","ast-hfb-below-header-display":"","ast-hfb-mobile-header-display":"","site-post-title":"","ast-breadcrumbs-content":"","ast-featured-img":"","footer-sml-layout":"","theme-transparent-header-meta":"default","adv-header-id-meta":"","stick-header-meta":"default","header-above-stick-meta":"","header-main-stick-meta":"","header-below-stick-meta":"","astra-migrate-meta-layouts":"set","ast-page-background-enabled":"default","ast-page-background-meta":{"desktop":{"background-color":"var(--ast-global-color-4)","background-image":"","background-repeat":"repeat","background-position":"center center","background-size":"auto","background-attachment":"scroll","background-type":"","background-media":"","overlay-type":"","overlay-color":"","overlay-opacity":"","overlay-gradient":""},"tablet":{"background-color":"","background-image":"","background-repeat":"repeat","background-position":"center center","background-size":"auto","background-attachment":"scroll","background-type":"","background-media":"","overlay-type":"","overlay-color":"","overlay-opacity":"","overlay-gradient":""},"mobile":{"background-color":"","background-image":"","background-repeat":"repeat","background-position":"center center","background-size":"auto","background-attachment":"scroll","background-type":"","background-media":"","overlay-type":"","overlay-color":"","overlay-opacity":"","overlay-gradient":""}},"ast-content-background-meta":{"desktop":{"background-color":"var(--ast-global-color-5)","background-image":"","background-repeat":"repeat","background-position":"center center","background-size":"auto","background-attachment":"scroll","background-type":"","background-media":"","overlay-type":"","overlay-color":"","overlay-opacity":"","overlay-gradient":""},"tablet":{"background-color":"var(--ast-global-color-5)","background-image":"","background-repeat":"repeat","background-position":"center center","background-size":"auto","background-attachment":"scroll","background-type":"","background-media":"","overlay-type":"","overlay-color":"","overlay-opacity":"","overlay-gradient":""},"mobile":{"background-color":"var(--ast-global-color-5)","background-image":"","background-repeat":"repeat","background-position":"center center","background-size":"auto","background-attachment":"scroll","background-type":"","background-media":"","overlay-type":"","overlay-color":"","overlay-opacity":"","overlay-gradient":""}}},"product_brand":[],"product_cat":[80,79],"product_tag":[],"class_list":{"0":"post-4036","1":"product","2":"type-product","3":"status-publish","5":"product_cat-durkplat","6":"product_cat-platochstal","7":"desktop-align-left","8":"tablet-align-left","9":"mobile-align-left","10":"ast-product-gallery-layout-horizontal-slider","11":"ast-product-gallery-with-no-image","12":"ast-product-tabs-layout-horizontal","14":"first","15":"instock","16":"taxable","17":"shipping-taxable","18":"purchasable","19":"product-type-simple"},"_links":{"self":[{"href":"https:\/\/metnor.se\/en\/wp-json\/wp\/v2\/product\/4036","targetHints":{"allow":["GET"]}}],"collection":[{"href":"https:\/\/metnor.se\/en\/wp-json\/wp\/v2\/product"}],"about":[{"href":"https:\/\/metnor.se\/en\/wp-json\/wp\/v2\/types\/product"}],"wp:attachment":[{"href":"https:\/\/metnor.se\/en\/wp-json\/wp\/v2\/media?parent=4036"}],"wp:term":[{"taxonomy":"product_brand","embeddable":true,"href":"https:\/\/metnor.se\/en\/wp-json\/wp\/v2\/product_brand?post=4036"},{"taxonomy":"product_cat","embeddable":true,"href":"https:\/\/metnor.se\/en\/wp-json\/wp\/v2\/product_cat?post=4036"},{"taxonomy":"product_tag","embeddable":true,"href":"https:\/\/metnor.se\/en\/wp-json\/wp\/v2\/product_tag?post=4036"}],"curies":[{"name":"wp","href":"https:\/\/api.w.org\/{rel}","templated":true}]}}