{"id":4033,"date":"2024-11-01T07:11:46","date_gmt":"2024-11-01T07:11:46","guid":{"rendered":"https:\/\/metnor.se\/?post_type=product&#038;p=4033"},"modified":"2024-11-01T07:12:44","modified_gmt":"2024-11-01T07:12:44","slug":"durkplat-5-bar-monster-aluminium-4-mm-1250x2500-mm","status":"publish","type":"product","link":"https:\/\/metnor.se\/en\/product\/durkplat-5-bar-monster-aluminium-4-mm-1250x2500-mm\/","title":{"rendered":"Durkpl\u00e5t 5-bar M\u00f6nster, Aluminium, 4 mm, 1250&#215;2500 mm"},"content":{"rendered":"<p>Denna durkpl\u00e5t i aluminium med 5-bar m\u00f6nster erbjuder b\u00e5de styrka och halkskydd, vilket g\u00f6r den l\u00e4mplig f\u00f6r tunga applikationer. Med en tjocklek p\u00e5 4 mm och en storlek p\u00e5 1250&#215;2500 mm \u00e4r den idealisk f\u00f6r industriella och kommersiella milj\u00f6er d\u00e4r extra h\u00e5llbarhet kr\u00e4vs.<\/p>\n<p>Vi erbjuder specialanpassningar och reserverar oss f\u00f6r eventuella prisjusteringar.<\/p>\n<ul>\n<li><strong>M\u00f6nster<\/strong>: 5-bar<\/li>\n<li><strong>Material<\/strong>: Aluminium<\/li>\n<li><strong>Tjocklek<\/strong>: 4 mm<\/li>\n<li><strong>Storlek<\/strong>: 1250&#215;2500 mm<\/li>\n<\/ul>","protected":false},"excerpt":{"rendered":"<p>Denna durkpl\u00e5t i aluminium med 5-bar m\u00f6nster erbjuder b\u00e5de styrka och halkskydd, vilket g\u00f6r den l\u00e4mplig f\u00f6r tunga applikationer. Med en tjocklek p\u00e5 4 mm och en storlek p\u00e5 1250&#215;2500 mm \u00e4r den idealisk f\u00f6r industriella och kommersiella milj\u00f6er d\u00e4r extra h\u00e5llbarhet kr\u00e4vs. Vi erbjuder specialanpassningar och reserverar oss f\u00f6r eventuella prisjusteringar. M\u00f6nster: 5-bar Material: [&hellip;]<\/p>\n","protected":false},"featured_media":4027,"template":"","meta":{"site-sidebar-layout":"default","site-content-layout":"","ast-site-content-layout":"default","site-content-style":"default","site-sidebar-style":"default","ast-global-header-display":"","ast-banner-title-visibility":"","ast-main-header-display":"","ast-hfb-above-header-display":"","ast-hfb-below-header-display":"","ast-hfb-mobile-header-display":"","site-post-title":"","ast-breadcrumbs-content":"","ast-featured-img":"","footer-sml-layout":"","theme-transparent-header-meta":"default","adv-header-id-meta":"","stick-header-meta":"default","header-above-stick-meta":"","header-main-stick-meta":"","header-below-stick-meta":"","astra-migrate-meta-layouts":"set","ast-page-background-enabled":"default","ast-page-background-meta":{"desktop":{"background-color":"var(--ast-global-color-4)","background-image":"","background-repeat":"repeat","background-position":"center center","background-size":"auto","background-attachment":"scroll","background-type":"","background-media":"","overlay-type":"","overlay-color":"","overlay-opacity":"","overlay-gradient":""},"tablet":{"background-color":"","background-image":"","background-repeat":"repeat","background-position":"center center","background-size":"auto","background-attachment":"scroll","background-type":"","background-media":"","overlay-type":"","overlay-color":"","overlay-opacity":"","overlay-gradient":""},"mobile":{"background-color":"","background-image":"","background-repeat":"repeat","background-position":"center center","background-size":"auto","background-attachment":"scroll","background-type":"","background-media":"","overlay-type":"","overlay-color":"","overlay-opacity":"","overlay-gradient":""}},"ast-content-background-meta":{"desktop":{"background-color":"var(--ast-global-color-5)","background-image":"","background-repeat":"repeat","background-position":"center center","background-size":"auto","background-attachment":"scroll","background-type":"","background-media":"","overlay-type":"","overlay-color":"","overlay-opacity":"","overlay-gradient":""},"tablet":{"background-color":"var(--ast-global-color-5)","background-image":"","background-repeat":"repeat","background-position":"center center","background-size":"auto","background-attachment":"scroll","background-type":"","background-media":"","overlay-type":"","overlay-color":"","overlay-opacity":"","overlay-gradient":""},"mobile":{"background-color":"var(--ast-global-color-5)","background-image":"","background-repeat":"repeat","background-position":"center center","background-size":"auto","background-attachment":"scroll","background-type":"","background-media":"","overlay-type":"","overlay-color":"","overlay-opacity":"","overlay-gradient":""}}},"product_brand":[],"product_cat":[80,79],"product_tag":[],"class_list":{"0":"post-4033","1":"product","2":"type-product","3":"status-publish","4":"has-post-thumbnail","6":"product_cat-durkplat","7":"product_cat-platochstal","8":"desktop-align-left","9":"tablet-align-left","10":"mobile-align-left","11":"ast-product-gallery-layout-horizontal-slider","12":"ast-product-gallery-with-no-image","13":"ast-product-tabs-layout-horizontal","15":"first","16":"instock","17":"taxable","18":"shipping-taxable","19":"purchasable","20":"product-type-simple"},"_links":{"self":[{"href":"https:\/\/metnor.se\/en\/wp-json\/wp\/v2\/product\/4033","targetHints":{"allow":["GET"]}}],"collection":[{"href":"https:\/\/metnor.se\/en\/wp-json\/wp\/v2\/product"}],"about":[{"href":"https:\/\/metnor.se\/en\/wp-json\/wp\/v2\/types\/product"}],"wp:featuredmedia":[{"embeddable":true,"href":"https:\/\/metnor.se\/en\/wp-json\/wp\/v2\/media\/4027"}],"wp:attachment":[{"href":"https:\/\/metnor.se\/en\/wp-json\/wp\/v2\/media?parent=4033"}],"wp:term":[{"taxonomy":"product_brand","embeddable":true,"href":"https:\/\/metnor.se\/en\/wp-json\/wp\/v2\/product_brand?post=4033"},{"taxonomy":"product_cat","embeddable":true,"href":"https:\/\/metnor.se\/en\/wp-json\/wp\/v2\/product_cat?post=4033"},{"taxonomy":"product_tag","embeddable":true,"href":"https:\/\/metnor.se\/en\/wp-json\/wp\/v2\/product_tag?post=4033"}],"curies":[{"name":"wp","href":"https:\/\/api.w.org\/{rel}","templated":true}]}}