{"id":4025,"date":"2024-11-01T03:45:20","date_gmt":"2024-11-01T03:45:20","guid":{"rendered":"https:\/\/metnor.se\/?post_type=product&#038;p=4025"},"modified":"2024-11-01T05:59:34","modified_gmt":"2024-11-01T05:59:34","slug":"vangstycke-zig-zag-vfz-for-stalsteg-77x62-mm-3-steg-2000-mm","status":"publish","type":"product","link":"https:\/\/metnor.se\/en\/product\/vangstycke-zig-zag-vfz-for-stalsteg-77x62-mm-3-steg-2000-mm\/","title":{"rendered":"Vangstycke Zig Zag VFZ f\u00f6r St\u00e5lsteg, 77&#215;62 mm, 3 steg, 2000 mm"},"content":{"rendered":"<p>Detta zigzag-formade vangstycke VFZ \u00e4r anpassat f\u00f6r trappor med st\u00e5lsteg och ger b\u00e5de stabilitet och stil till konstruktionen. Med en dimension p\u00e5 77&#215;62 mm och plats f\u00f6r 3 steg \u00e4r det idealiskt f\u00f6r h\u00e5llbara och robusta trapprojekt.<\/p>\n<p>Vi erbjuder specialanpassningar och reserverar oss f\u00f6r eventuella prisjusteringar.<\/p>\n<ul>\n<li><strong>Dimension<\/strong>: 77&#215;62 mm<\/li>\n<li><strong>Antal steg<\/strong>: 3<\/li>\n<li><strong>L\u00e4ngd<\/strong>: 2000 mm<\/li>\n<\/ul>","protected":false},"excerpt":{"rendered":"<p>Detta zigzag-formade vangstycke VFZ \u00e4r anpassat f\u00f6r trappor med st\u00e5lsteg och ger b\u00e5de stabilitet och stil till konstruktionen. Med en dimension p\u00e5 77&#215;62 mm och plats f\u00f6r 3 steg \u00e4r det idealiskt f\u00f6r h\u00e5llbara och robusta trapprojekt. Vi erbjuder specialanpassningar och reserverar oss f\u00f6r eventuella prisjusteringar. Dimension: 77&#215;62 mm Antal steg: 3 L\u00e4ngd: 2000 mm<\/p>","protected":false},"featured_media":0,"template":"","meta":{"site-sidebar-layout":"default","site-content-layout":"","ast-site-content-layout":"default","site-content-style":"default","site-sidebar-style":"default","ast-global-header-display":"","ast-banner-title-visibility":"","ast-main-header-display":"","ast-hfb-above-header-display":"","ast-hfb-below-header-display":"","ast-hfb-mobile-header-display":"","site-post-title":"","ast-breadcrumbs-content":"","ast-featured-img":"","footer-sml-layout":"","theme-transparent-header-meta":"default","adv-header-id-meta":"","stick-header-meta":"default","header-above-stick-meta":"","header-main-stick-meta":"","header-below-stick-meta":"","astra-migrate-meta-layouts":"set","ast-page-background-enabled":"default","ast-page-background-meta":{"desktop":{"background-color":"var(--ast-global-color-4)","background-image":"","background-repeat":"repeat","background-position":"center center","background-size":"auto","background-attachment":"scroll","background-type":"","background-media":"","overlay-type":"","overlay-color":"","overlay-opacity":"","overlay-gradient":""},"tablet":{"background-color":"","background-image":"","background-repeat":"repeat","background-position":"center center","background-size":"auto","background-attachment":"scroll","background-type":"","background-media":"","overlay-type":"","overlay-color":"","overlay-opacity":"","overlay-gradient":""},"mobile":{"background-color":"","background-image":"","background-repeat":"repeat","background-position":"center center","background-size":"auto","background-attachment":"scroll","background-type":"","background-media":"","overlay-type":"","overlay-color":"","overlay-opacity":"","overlay-gradient":""}},"ast-content-background-meta":{"desktop":{"background-color":"var(--ast-global-color-5)","background-image":"","background-repeat":"repeat","background-position":"center center","background-size":"auto","background-attachment":"scroll","background-type":"","background-media":"","overlay-type":"","overlay-color":"","overlay-opacity":"","overlay-gradient":""},"tablet":{"background-color":"var(--ast-global-color-5)","background-image":"","background-repeat":"repeat","background-position":"center center","background-size":"auto","background-attachment":"scroll","background-type":"","background-media":"","overlay-type":"","overlay-color":"","overlay-opacity":"","overlay-gradient":""},"mobile":{"background-color":"var(--ast-global-color-5)","background-image":"","background-repeat":"repeat","background-position":"center center","background-size":"auto","background-attachment":"scroll","background-type":"","background-media":"","overlay-type":"","overlay-color":"","overlay-opacity":"","overlay-gradient":""}}},"product_brand":[],"product_cat":[68,73],"product_tag":[],"class_list":{"0":"post-4025","1":"product","2":"type-product","3":"status-publish","5":"product_cat-trappor","6":"product_cat-vangstycke","7":"desktop-align-left","8":"tablet-align-left","9":"mobile-align-left","10":"ast-product-gallery-layout-horizontal-slider","11":"ast-product-gallery-with-no-image","12":"ast-product-tabs-layout-horizontal","14":"first","15":"instock","16":"taxable","17":"shipping-taxable","18":"purchasable","19":"product-type-simple"},"_links":{"self":[{"href":"https:\/\/metnor.se\/en\/wp-json\/wp\/v2\/product\/4025","targetHints":{"allow":["GET"]}}],"collection":[{"href":"https:\/\/metnor.se\/en\/wp-json\/wp\/v2\/product"}],"about":[{"href":"https:\/\/metnor.se\/en\/wp-json\/wp\/v2\/types\/product"}],"wp:attachment":[{"href":"https:\/\/metnor.se\/en\/wp-json\/wp\/v2\/media?parent=4025"}],"wp:term":[{"taxonomy":"product_brand","embeddable":true,"href":"https:\/\/metnor.se\/en\/wp-json\/wp\/v2\/product_brand?post=4025"},{"taxonomy":"product_cat","embeddable":true,"href":"https:\/\/metnor.se\/en\/wp-json\/wp\/v2\/product_cat?post=4025"},{"taxonomy":"product_tag","embeddable":true,"href":"https:\/\/metnor.se\/en\/wp-json\/wp\/v2\/product_tag?post=4025"}],"curies":[{"name":"wp","href":"https:\/\/api.w.org\/{rel}","templated":true}]}}