{"id":4013,"date":"2024-10-31T13:44:44","date_gmt":"2024-10-31T13:44:44","guid":{"rendered":"https:\/\/metnor.se\/?post_type=product&#038;p=4013"},"modified":"2024-10-31T13:45:09","modified_gmt":"2024-10-31T13:45:09","slug":"gallersteg-spiraltrappa-galvaniserat-sp-34x38-30x3-mm-800x358-mm","status":"publish","type":"product","link":"https:\/\/metnor.se\/en\/product\/gallersteg-spiraltrappa-galvaniserat-sp-34x38-30x3-mm-800x358-mm\/","title":{"rendered":"Gallersteg Spiraltrappa Galvaniserat SP, 34&#215;38\/30&#215;3 mm, 800&#215;358 mm"},"content":{"rendered":"<p>Detta galvaniserade gallersteg f\u00f6r spiraltrappor \u00e4r utformat f\u00f6r att erbjuda stabilitet och s\u00e4kerhet i en spiraltrappinstallation. Med en gallerstorlek p\u00e5 34&#215;38\/30&#215;3 mm, en bredd p\u00e5 800 mm och ett djup p\u00e5 358 mm, passar det perfekt f\u00f6r b\u00e5de industriella och kommersiella milj\u00f6er. Den galvaniserade ytan ger ett effektivt skydd mot rost och slitage, vilket s\u00e4kerst\u00e4ller l\u00e5ng h\u00e5llbarhet \u00e4ven under kr\u00e4vande f\u00f6rh\u00e5llanden.<\/p>\n<p>Vi erbjuder \u00e4ven m\u00f6jligheten att skr\u00e4ddarsy v\u00e5ra produkter efter dina specifika behov. Kontakta oss g\u00e4rna f\u00f6r att diskutera specialanpassade m\u00e5tt och andra \u00f6nskem\u00e5l. Vi reserverar oss f\u00f6r eventuella pris\u00e4ndringar.<\/p>\n<ul>\n<li><strong>Gallerstorlek<\/strong>: 34&#215;38\/30&#215;3 mm<\/li>\n<li><strong>Bredd<\/strong>: 800 mm<\/li>\n<li><strong>Djup<\/strong>: 358 mm<\/li>\n<\/ul>","protected":false},"excerpt":{"rendered":"<p>Detta galvaniserade gallersteg f\u00f6r spiraltrappor \u00e4r utformat f\u00f6r att erbjuda stabilitet och s\u00e4kerhet i en spiraltrappinstallation. Med en gallerstorlek p\u00e5 34&#215;38\/30&#215;3 mm, en bredd p\u00e5 800 mm och ett djup p\u00e5 358 mm, passar det perfekt f\u00f6r b\u00e5de industriella och kommersiella milj\u00f6er. Den galvaniserade ytan ger ett effektivt skydd mot rost och slitage, vilket s\u00e4kerst\u00e4ller [&hellip;]<\/p>\n","protected":false},"featured_media":0,"template":"","meta":{"site-sidebar-layout":"default","site-content-layout":"","ast-site-content-layout":"default","site-content-style":"default","site-sidebar-style":"default","ast-global-header-display":"","ast-banner-title-visibility":"","ast-main-header-display":"","ast-hfb-above-header-display":"","ast-hfb-below-header-display":"","ast-hfb-mobile-header-display":"","site-post-title":"","ast-breadcrumbs-content":"","ast-featured-img":"","footer-sml-layout":"","theme-transparent-header-meta":"default","adv-header-id-meta":"","stick-header-meta":"default","header-above-stick-meta":"","header-main-stick-meta":"","header-below-stick-meta":"","astra-migrate-meta-layouts":"set","ast-page-background-enabled":"default","ast-page-background-meta":{"desktop":{"background-color":"var(--ast-global-color-4)","background-image":"","background-repeat":"repeat","background-position":"center center","background-size":"auto","background-attachment":"scroll","background-type":"","background-media":"","overlay-type":"","overlay-color":"","overlay-opacity":"","overlay-gradient":""},"tablet":{"background-color":"","background-image":"","background-repeat":"repeat","background-position":"center center","background-size":"auto","background-attachment":"scroll","background-type":"","background-media":"","overlay-type":"","overlay-color":"","overlay-opacity":"","overlay-gradient":""},"mobile":{"background-color":"","background-image":"","background-repeat":"repeat","background-position":"center center","background-size":"auto","background-attachment":"scroll","background-type":"","background-media":"","overlay-type":"","overlay-color":"","overlay-opacity":"","overlay-gradient":""}},"ast-content-background-meta":{"desktop":{"background-color":"var(--ast-global-color-5)","background-image":"","background-repeat":"repeat","background-position":"center center","background-size":"auto","background-attachment":"scroll","background-type":"","background-media":"","overlay-type":"","overlay-color":"","overlay-opacity":"","overlay-gradient":""},"tablet":{"background-color":"var(--ast-global-color-5)","background-image":"","background-repeat":"repeat","background-position":"center center","background-size":"auto","background-attachment":"scroll","background-type":"","background-media":"","overlay-type":"","overlay-color":"","overlay-opacity":"","overlay-gradient":""},"mobile":{"background-color":"var(--ast-global-color-5)","background-image":"","background-repeat":"repeat","background-position":"center center","background-size":"auto","background-attachment":"scroll","background-type":"","background-media":"","overlay-type":"","overlay-color":"","overlay-opacity":"","overlay-gradient":""}}},"product_brand":[],"product_cat":[72,68],"product_tag":[],"class_list":{"0":"post-4013","1":"product","2":"type-product","3":"status-publish","5":"product_cat-stegspiraltrappa","6":"product_cat-trappor","7":"desktop-align-left","8":"tablet-align-left","9":"mobile-align-left","10":"ast-product-gallery-layout-horizontal-slider","11":"ast-product-gallery-with-no-image","12":"ast-product-tabs-layout-horizontal","14":"first","15":"instock","16":"taxable","17":"shipping-taxable","18":"purchasable","19":"product-type-simple"},"_links":{"self":[{"href":"https:\/\/metnor.se\/en\/wp-json\/wp\/v2\/product\/4013","targetHints":{"allow":["GET"]}}],"collection":[{"href":"https:\/\/metnor.se\/en\/wp-json\/wp\/v2\/product"}],"about":[{"href":"https:\/\/metnor.se\/en\/wp-json\/wp\/v2\/types\/product"}],"wp:attachment":[{"href":"https:\/\/metnor.se\/en\/wp-json\/wp\/v2\/media?parent=4013"}],"wp:term":[{"taxonomy":"product_brand","embeddable":true,"href":"https:\/\/metnor.se\/en\/wp-json\/wp\/v2\/product_brand?post=4013"},{"taxonomy":"product_cat","embeddable":true,"href":"https:\/\/metnor.se\/en\/wp-json\/wp\/v2\/product_cat?post=4013"},{"taxonomy":"product_tag","embeddable":true,"href":"https:\/\/metnor.se\/en\/wp-json\/wp\/v2\/product_tag?post=4013"}],"curies":[{"name":"wp","href":"https:\/\/api.w.org\/{rel}","templated":true}]}}