{"id":3986,"date":"2024-10-30T11:58:48","date_gmt":"2024-10-30T11:58:48","guid":{"rendered":"https:\/\/metnor.se\/?post_type=product&#038;p=3986"},"modified":"2024-10-30T11:59:38","modified_gmt":"2024-10-30T11:59:38","slug":"gallersteg-galvaniserat-sp-34x38-30x2-mm-700x200-mm","status":"publish","type":"product","link":"https:\/\/metnor.se\/en\/product\/gallersteg-galvaniserat-sp-34x38-30x2-mm-700x200-mm\/","title":{"rendered":"Gallersteg Galvaniserat SP, 34&#215;38\/30&#215;2 mm, 700&#215;200 mm"},"content":{"rendered":"<div class=\"flex max-w-full flex-col flex-grow\">\n<div class=\"min-h-8 text-message flex w-full flex-col items-end gap-2 whitespace-normal break-words [.text-message+&amp;]:mt-5\" dir=\"auto\" data-message-author-role=\"assistant\" data-message-id=\"e45d072f-a581-47d6-9de6-6466e09ad360\" data-message-model-slug=\"gpt-4o\">\n<div class=\"flex w-full flex-col gap-1 empty:hidden first:pt-[3px]\">\n<div class=\"markdown prose w-full break-words dark:prose-invert dark\">\n<p>Detta robusta och h\u00e5llbara galvaniserade st\u00e5ltrappsteg \u00e4r utformat f\u00f6r att ge s\u00e4kerhet och p\u00e5litlighet i alla milj\u00f6er. Med en gallerstorlek p\u00e5 34&#215;38\/30&#215;2 mm, en bredd p\u00e5 700 mm och ett djup p\u00e5 200 mm, passar det perfekt f\u00f6r b\u00e5de kommersiella och industriella installationer. Den galvaniserade ytan skyddar effektivt mot rost och slitage, vilket f\u00f6rl\u00e4nger livsl\u00e4ngden p\u00e5 produkten.<\/p>\n<p>Vi erbjuder \u00e4ven m\u00f6jligheten att skr\u00e4ddarsy v\u00e5ra produkter efter dina specifika behov. Kontakta oss f\u00f6r att diskutera specialanpassade m\u00e5tt och andra \u00f6nskem\u00e5l. Vi reserverar oss f\u00f6r eventuella pris\u00e4ndringar.<\/p>\n<ul>\n<li><strong>Gallerstorlek<\/strong>: 34&#215;38\/30&#215;2 mm<\/li>\n<li><strong>Bredd<\/strong>: 700 mm<\/li>\n<li><strong>Djup<\/strong>: 200 mm<\/li>\n<\/ul>\n<hr \/>\n<p>L\u00e5t mig veta om du vill ha fler beskrivningar!<\/p>\n<\/div>\n<\/div>\n<\/div>\n<\/div>\n<div class=\"mb-2 flex gap-3 empty:hidden -ml-2\">\n<div class=\"items-center justify-start rounded-xl p-1 flex\">\n<div class=\"flex items-center\"><\/div>\n<\/div>\n<\/div>\n","protected":false},"excerpt":{"rendered":"<p>Detta robusta och h\u00e5llbara galvaniserade st\u00e5ltrappsteg \u00e4r utformat f\u00f6r att ge s\u00e4kerhet och p\u00e5litlighet i alla milj\u00f6er. Med en gallerstorlek p\u00e5 34&#215;38\/30&#215;2 mm, en bredd p\u00e5 700 mm och ett djup p\u00e5 200 mm, passar det perfekt f\u00f6r b\u00e5de kommersiella och industriella installationer. Den galvaniserade ytan skyddar effektivt mot rost och slitage, vilket f\u00f6rl\u00e4nger livsl\u00e4ngden [&hellip;]<\/p>\n","protected":false},"featured_media":0,"template":"","meta":{"site-sidebar-layout":"default","site-content-layout":"","ast-site-content-layout":"default","site-content-style":"default","site-sidebar-style":"default","ast-global-header-display":"","ast-banner-title-visibility":"","ast-main-header-display":"","ast-hfb-above-header-display":"","ast-hfb-below-header-display":"","ast-hfb-mobile-header-display":"","site-post-title":"","ast-breadcrumbs-content":"","ast-featured-img":"","footer-sml-layout":"","theme-transparent-header-meta":"default","adv-header-id-meta":"","stick-header-meta":"default","header-above-stick-meta":"","header-main-stick-meta":"","header-below-stick-meta":"","astra-migrate-meta-layouts":"set","ast-page-background-enabled":"default","ast-page-background-meta":{"desktop":{"background-color":"var(--ast-global-color-4)","background-image":"","background-repeat":"repeat","background-position":"center center","background-size":"auto","background-attachment":"scroll","background-type":"","background-media":"","overlay-type":"","overlay-color":"","overlay-opacity":"","overlay-gradient":""},"tablet":{"background-color":"","background-image":"","background-repeat":"repeat","background-position":"center center","background-size":"auto","background-attachment":"scroll","background-type":"","background-media":"","overlay-type":"","overlay-color":"","overlay-opacity":"","overlay-gradient":""},"mobile":{"background-color":"","background-image":"","background-repeat":"repeat","background-position":"center center","background-size":"auto","background-attachment":"scroll","background-type":"","background-media":"","overlay-type":"","overlay-color":"","overlay-opacity":"","overlay-gradient":""}},"ast-content-background-meta":{"desktop":{"background-color":"var(--ast-global-color-5)","background-image":"","background-repeat":"repeat","background-position":"center center","background-size":"auto","background-attachment":"scroll","background-type":"","background-media":"","overlay-type":"","overlay-color":"","overlay-opacity":"","overlay-gradient":""},"tablet":{"background-color":"var(--ast-global-color-5)","background-image":"","background-repeat":"repeat","background-position":"center center","background-size":"auto","background-attachment":"scroll","background-type":"","background-media":"","overlay-type":"","overlay-color":"","overlay-opacity":"","overlay-gradient":""},"mobile":{"background-color":"var(--ast-global-color-5)","background-image":"","background-repeat":"repeat","background-position":"center center","background-size":"auto","background-attachment":"scroll","background-type":"","background-media":"","overlay-type":"","overlay-color":"","overlay-opacity":"","overlay-gradient":""}}},"product_brand":[],"product_cat":[69,68],"product_tag":[],"class_list":{"0":"post-3986","1":"product","2":"type-product","3":"status-publish","5":"product_cat-gallerstegraktrappa","6":"product_cat-trappor","7":"desktop-align-left","8":"tablet-align-left","9":"mobile-align-left","10":"ast-product-gallery-layout-horizontal-slider","11":"ast-product-gallery-with-no-image","12":"ast-product-tabs-layout-horizontal","14":"first","15":"instock","16":"taxable","17":"shipping-taxable","18":"purchasable","19":"product-type-simple"},"_links":{"self":[{"href":"https:\/\/metnor.se\/en\/wp-json\/wp\/v2\/product\/3986","targetHints":{"allow":["GET"]}}],"collection":[{"href":"https:\/\/metnor.se\/en\/wp-json\/wp\/v2\/product"}],"about":[{"href":"https:\/\/metnor.se\/en\/wp-json\/wp\/v2\/types\/product"}],"wp:attachment":[{"href":"https:\/\/metnor.se\/en\/wp-json\/wp\/v2\/media?parent=3986"}],"wp:term":[{"taxonomy":"product_brand","embeddable":true,"href":"https:\/\/metnor.se\/en\/wp-json\/wp\/v2\/product_brand?post=3986"},{"taxonomy":"product_cat","embeddable":true,"href":"https:\/\/metnor.se\/en\/wp-json\/wp\/v2\/product_cat?post=3986"},{"taxonomy":"product_tag","embeddable":true,"href":"https:\/\/metnor.se\/en\/wp-json\/wp\/v2\/product_tag?post=3986"}],"curies":[{"name":"wp","href":"https:\/\/api.w.org\/{rel}","templated":true}]}}