{"id":3891,"date":"2024-09-24T11:15:43","date_gmt":"2024-09-24T11:15:43","guid":{"rendered":"https:\/\/metnor.se\/?post_type=product&#038;p=3891"},"modified":"2024-09-24T17:14:26","modified_gmt":"2024-09-24T17:14:26","slug":"gallerdurk-d-sammanfogar-2-gallerdurkar-2","status":"publish","type":"product","link":"https:\/\/metnor.se\/en\/product\/gallerdurk-d-sammanfogar-2-gallerdurkar-2\/","title":{"rendered":"Gallerdurk D, sammanfogar 2 gallerdurkar"},"content":{"rendered":"<p>Varmf\u00f6rzinkad durkklammer, speciellt utvecklad f\u00f6r gallerdurk. Denna klammer anv\u00e4nds f\u00f6r att h\u00e5lla ihop tv\u00e5 gallerdurkar och best\u00e5r av en \u00f6ver- och underdel. \u00d6verdelen, formad som en m\u00e5svinge, fungerar som en nedf\u00e4lld bricka och skruvas fast i underdelen, som f\u00e4sts i underlaget och l\u00e5ser gallerdurksmattor, trappsteg eller plattformar p\u00e5 plats.<\/p>\n<p>Durkklammer D \u00e4r kompatibel med f\u00f6ljande gallerdurkmodeller:<\/p>\n<ul>\n<li>Gallerdurk SP 34&#215;38<\/li>\n<li>Gallerdurk SP 34&#215;76<\/li>\n<li>Gallerdurk SR 34&#215;76<\/li>\n<\/ul>\n<p>Den passar f\u00f6r gallerdurk med en maskviddsbredd p\u00e5 34 mm.<\/p>","protected":false},"excerpt":{"rendered":"<p>Varmf\u00f6rzinkad durkklammer, speciellt utvecklad f\u00f6r gallerdurk. Denna klammer anv\u00e4nds f\u00f6r att h\u00e5lla ihop tv\u00e5 gallerdurkar och best\u00e5r av en \u00f6ver- och underdel. \u00d6verdelen, formad som en m\u00e5svinge, fungerar som en nedf\u00e4lld bricka och skruvas fast i underdelen, som f\u00e4sts i underlaget och l\u00e5ser gallerdurksmattor, trappsteg eller plattformar p\u00e5 plats. Durkklammer D \u00e4r kompatibel med f\u00f6ljande [&hellip;]<\/p>\n","protected":false},"featured_media":3893,"template":"","meta":{"site-sidebar-layout":"default","site-content-layout":"","ast-site-content-layout":"default","site-content-style":"default","site-sidebar-style":"default","ast-global-header-display":"","ast-banner-title-visibility":"","ast-main-header-display":"","ast-hfb-above-header-display":"","ast-hfb-below-header-display":"","ast-hfb-mobile-header-display":"","site-post-title":"","ast-breadcrumbs-content":"","ast-featured-img":"","footer-sml-layout":"","theme-transparent-header-meta":"default","adv-header-id-meta":"","stick-header-meta":"default","header-above-stick-meta":"","header-main-stick-meta":"","header-below-stick-meta":"","astra-migrate-meta-layouts":"set","ast-page-background-enabled":"default","ast-page-background-meta":{"desktop":{"background-color":"var(--ast-global-color-4)","background-image":"","background-repeat":"repeat","background-position":"center center","background-size":"auto","background-attachment":"scroll","background-type":"","background-media":"","overlay-type":"","overlay-color":"","overlay-opacity":"","overlay-gradient":""},"tablet":{"background-color":"","background-image":"","background-repeat":"repeat","background-position":"center center","background-size":"auto","background-attachment":"scroll","background-type":"","background-media":"","overlay-type":"","overlay-color":"","overlay-opacity":"","overlay-gradient":""},"mobile":{"background-color":"","background-image":"","background-repeat":"repeat","background-position":"center center","background-size":"auto","background-attachment":"scroll","background-type":"","background-media":"","overlay-type":"","overlay-color":"","overlay-opacity":"","overlay-gradient":""}},"ast-content-background-meta":{"desktop":{"background-color":"var(--ast-global-color-5)","background-image":"","background-repeat":"repeat","background-position":"center center","background-size":"auto","background-attachment":"scroll","background-type":"","background-media":"","overlay-type":"","overlay-color":"","overlay-opacity":"","overlay-gradient":""},"tablet":{"background-color":"var(--ast-global-color-5)","background-image":"","background-repeat":"repeat","background-position":"center center","background-size":"auto","background-attachment":"scroll","background-type":"","background-media":"","overlay-type":"","overlay-color":"","overlay-opacity":"","overlay-gradient":""},"mobile":{"background-color":"var(--ast-global-color-5)","background-image":"","background-repeat":"repeat","background-position":"center center","background-size":"auto","background-attachment":"scroll","background-type":"","background-media":"","overlay-type":"","overlay-color":"","overlay-opacity":"","overlay-gradient":""}}},"product_brand":[],"product_cat":[95,62],"product_tag":[],"class_list":{"0":"post-3891","1":"product","2":"type-product","3":"status-publish","4":"has-post-thumbnail","6":"product_cat-durkklammerfastdetaljer","7":"product_cat-gallerdurktillbehor","8":"desktop-align-left","9":"tablet-align-left","10":"mobile-align-left","11":"ast-product-gallery-layout-horizontal-slider","12":"ast-product-gallery-with-no-image","13":"ast-product-tabs-layout-horizontal","15":"first","16":"instock","17":"taxable","18":"shipping-taxable","19":"purchasable","20":"product-type-simple"},"_links":{"self":[{"href":"https:\/\/metnor.se\/en\/wp-json\/wp\/v2\/product\/3891","targetHints":{"allow":["GET"]}}],"collection":[{"href":"https:\/\/metnor.se\/en\/wp-json\/wp\/v2\/product"}],"about":[{"href":"https:\/\/metnor.se\/en\/wp-json\/wp\/v2\/types\/product"}],"wp:featuredmedia":[{"embeddable":true,"href":"https:\/\/metnor.se\/en\/wp-json\/wp\/v2\/media\/3893"}],"wp:attachment":[{"href":"https:\/\/metnor.se\/en\/wp-json\/wp\/v2\/media?parent=3891"}],"wp:term":[{"taxonomy":"product_brand","embeddable":true,"href":"https:\/\/metnor.se\/en\/wp-json\/wp\/v2\/product_brand?post=3891"},{"taxonomy":"product_cat","embeddable":true,"href":"https:\/\/metnor.se\/en\/wp-json\/wp\/v2\/product_cat?post=3891"},{"taxonomy":"product_tag","embeddable":true,"href":"https:\/\/metnor.se\/en\/wp-json\/wp\/v2\/product_tag?post=3891"}],"curies":[{"name":"wp","href":"https:\/\/api.w.org\/{rel}","templated":true}]}}