{"id":3771,"date":"2024-09-13T03:53:37","date_gmt":"2024-09-13T03:53:37","guid":{"rendered":"https:\/\/metnor.se\/?post_type=product&#038;p=3771"},"modified":"2024-10-30T05:36:24","modified_gmt":"2024-10-30T05:36:24","slug":"lattdurk-tandad-stal-3000mm","status":"publish","type":"product","link":"https:\/\/metnor.se\/en\/product\/lattdurk-tandad-stal-3000mm\/","title":{"rendered":"L\u00e4ttdurk Tandad St\u00e5l, 3000mm"},"content":{"rendered":"<p>L\u00e4ttdurk O5 har sm\u00e5, 5 mm stora perforerade h\u00e5l. Den anv\u00e4nds ofta p\u00e5 broar, d\u00e4r behovet av god dr\u00e4nering och skydd mot fallande f\u00f6rem\u00e5l \u00e4r avg\u00f6rande. Den \u00e4r ocks\u00e5 v\u00e4l l\u00e4mpad f\u00f6r anv\u00e4ndning vid huvudentr\u00e9er och n\u00f6dutg\u00e5ngar, d\u00e4r en sl\u00e4t yta som klarar av sm\u00e5 hjul \u00e4r \u00f6nskv\u00e4rd.<\/p>\n<p>Vi reserverar oss f\u00f6r \u00e4ndringar i priser pga valutakurs och st\u00e5lpris<\/p>","protected":false},"excerpt":{"rendered":"<p>L\u00e4ttdurk O5 har sm\u00e5, 5 mm stora perforerade h\u00e5l. Den anv\u00e4nds ofta p\u00e5 broar, d\u00e4r behovet av god dr\u00e4nering och skydd mot fallande f\u00f6rem\u00e5l \u00e4r avg\u00f6rande. Den \u00e4r ocks\u00e5 v\u00e4l l\u00e4mpad f\u00f6r anv\u00e4ndning vid huvudentr\u00e9er och n\u00f6dutg\u00e5ngar, d\u00e4r en sl\u00e4t yta som klarar av sm\u00e5 hjul \u00e4r \u00f6nskv\u00e4rd. Vi reserverar oss f\u00f6r \u00e4ndringar i priser [&hellip;]<\/p>\n","protected":false},"featured_media":3768,"template":"","meta":{"site-sidebar-layout":"default","site-content-layout":"","ast-site-content-layout":"default","site-content-style":"default","site-sidebar-style":"default","ast-global-header-display":"","ast-banner-title-visibility":"","ast-main-header-display":"","ast-hfb-above-header-display":"","ast-hfb-below-header-display":"","ast-hfb-mobile-header-display":"","site-post-title":"","ast-breadcrumbs-content":"","ast-featured-img":"","footer-sml-layout":"","theme-transparent-header-meta":"default","adv-header-id-meta":"","stick-header-meta":"default","header-above-stick-meta":"","header-main-stick-meta":"","header-below-stick-meta":"","astra-migrate-meta-layouts":"set","ast-page-background-enabled":"default","ast-page-background-meta":{"desktop":{"background-color":"var(--ast-global-color-4)","background-image":"","background-repeat":"repeat","background-position":"center center","background-size":"auto","background-attachment":"scroll","background-type":"","background-media":"","overlay-type":"","overlay-color":"","overlay-opacity":"","overlay-gradient":""},"tablet":{"background-color":"","background-image":"","background-repeat":"repeat","background-position":"center center","background-size":"auto","background-attachment":"scroll","background-type":"","background-media":"","overlay-type":"","overlay-color":"","overlay-opacity":"","overlay-gradient":""},"mobile":{"background-color":"","background-image":"","background-repeat":"repeat","background-position":"center center","background-size":"auto","background-attachment":"scroll","background-type":"","background-media":"","overlay-type":"","overlay-color":"","overlay-opacity":"","overlay-gradient":""}},"ast-content-background-meta":{"desktop":{"background-color":"var(--ast-global-color-5)","background-image":"","background-repeat":"repeat","background-position":"center center","background-size":"auto","background-attachment":"scroll","background-type":"","background-media":"","overlay-type":"","overlay-color":"","overlay-opacity":"","overlay-gradient":""},"tablet":{"background-color":"var(--ast-global-color-5)","background-image":"","background-repeat":"repeat","background-position":"center center","background-size":"auto","background-attachment":"scroll","background-type":"","background-media":"","overlay-type":"","overlay-color":"","overlay-opacity":"","overlay-gradient":""},"mobile":{"background-color":"var(--ast-global-color-5)","background-image":"","background-repeat":"repeat","background-position":"center center","background-size":"auto","background-attachment":"scroll","background-type":"","background-media":"","overlay-type":"","overlay-color":"","overlay-opacity":"","overlay-gradient":""}}},"product_brand":[],"product_cat":[70,69,104,71],"product_tag":[],"class_list":{"0":"post-3771","1":"product","2":"type-product","3":"status-publish","4":"has-post-thumbnail","6":"product_cat-gallersteg","7":"product_cat-gallerstegraktrappa","8":"product_cat-lattdurk","9":"product_cat-profileradesteg","10":"desktop-align-left","11":"tablet-align-left","12":"mobile-align-left","13":"ast-product-gallery-layout-horizontal-slider","14":"ast-product-gallery-with-no-image","15":"ast-product-tabs-layout-horizontal","17":"first","18":"instock","19":"taxable","20":"shipping-taxable","21":"purchasable","22":"product-type-simple"},"_links":{"self":[{"href":"https:\/\/metnor.se\/en\/wp-json\/wp\/v2\/product\/3771","targetHints":{"allow":["GET"]}}],"collection":[{"href":"https:\/\/metnor.se\/en\/wp-json\/wp\/v2\/product"}],"about":[{"href":"https:\/\/metnor.se\/en\/wp-json\/wp\/v2\/types\/product"}],"wp:featuredmedia":[{"embeddable":true,"href":"https:\/\/metnor.se\/en\/wp-json\/wp\/v2\/media\/3768"}],"wp:attachment":[{"href":"https:\/\/metnor.se\/en\/wp-json\/wp\/v2\/media?parent=3771"}],"wp:term":[{"taxonomy":"product_brand","embeddable":true,"href":"https:\/\/metnor.se\/en\/wp-json\/wp\/v2\/product_brand?post=3771"},{"taxonomy":"product_cat","embeddable":true,"href":"https:\/\/metnor.se\/en\/wp-json\/wp\/v2\/product_cat?post=3771"},{"taxonomy":"product_tag","embeddable":true,"href":"https:\/\/metnor.se\/en\/wp-json\/wp\/v2\/product_tag?post=3771"}],"curies":[{"name":"wp","href":"https:\/\/api.w.org\/{rel}","templated":true}]}}