{"id":35,"date":"2023-12-16T18:57:26","date_gmt":"2023-12-16T18:57:26","guid":{"rendered":"https:\/\/metnor.se\/?page_id=35"},"modified":"2024-07-30T08:36:21","modified_gmt":"2024-07-30T08:36:21","slug":"om-oss","status":"publish","type":"page","link":"https:\/\/metnor.se\/en\/om-oss\/","title":{"rendered":"Om oss"},"content":{"rendered":"<div data-elementor-type=\"wp-page\" data-elementor-id=\"35\" class=\"elementor elementor-35\" data-elementor-post-type=\"page\">\n\t\t\t\t<div class=\"elementor-element elementor-element-e2d6e1a e-flex e-con-boxed e-con e-parent\" data-id=\"e2d6e1a\" data-element_type=\"container\" data-e-type=\"container\" data-settings=\"{&quot;background_background&quot;:&quot;classic&quot;}\">\n\t\t\t\t\t<div class=\"e-con-inner\">\n\t\t\t\t<div class=\"elementor-element elementor-element-2d3d4eb elementor-widget elementor-widget-heading\" data-id=\"2d3d4eb\" data-element_type=\"widget\" data-e-type=\"widget\" data-widget_type=\"heading.default\">\n\t\t\t\t<div class=\"elementor-widget-container\">\n\t\t\t\t\t<h1 class=\"elementor-heading-title elementor-size-default\">Om oss<\/h1>\t\t\t\t<\/div>\n\t\t\t\t<\/div>\n\t\t\t\t\t<\/div>\n\t\t\t\t<\/div>\n\t\t<div class=\"elementor-element elementor-element-mj7wqvf e-flex e-con-boxed e-con e-parent\" data-id=\"mj7wqvf\" data-element_type=\"container\" data-e-type=\"container\">\n\t\t\t\t\t<div class=\"e-con-inner\">\n\t\t<div class=\"elementor-element elementor-element-9945606 e-con-full e-flex e-con e-child\" data-id=\"9945606\" data-element_type=\"container\" data-e-type=\"container\">\n\t\t\t\t<div class=\"elementor-element elementor-element-ca4ee83 elementor-widget elementor-widget-text-editor\" data-id=\"ca4ee83\" data-element_type=\"widget\" data-e-type=\"widget\" data-widget_type=\"text-editor.default\">\n\t\t\t\t<div class=\"elementor-widget-container\">\n\t\t\t\t\t\t\t\t\t<p>Spindeln i n\u00e4tet och f\u00f6retaget f\u00f6r smidiga l\u00f6sningar. Det \u00e4r vi.<\/p><p>Sedan v\u00e5r start har Metnor haft som uppgift att erbjuda varor och tj\u00e4nster snabbare, med certifierad h\u00f6g EU-kvalitet och till ett l\u00e4gre pris. Prova oss och bli positivt \u00f6verraskad.<\/p><p>Metnor grundades utifr\u00e5n en vision som vi i ledningsteamet utvecklade under v\u00e5r tid som ink\u00f6pare och projektansvariga inom olika industrier, bygg- och smidesf\u00f6retag. Vi s\u00e5g en m\u00f6jlighet att f\u00f6r\u00e4ndra branschen.<\/p><p>Vi m\u00e4rkte att marknaden ofta var begr\u00e4nsad av h\u00f6ga priser, l\u00e5ngsam leveranstid, och byr\u00e5kratiska processer, med produkter som oftast var best\u00e4llningsvaror. Denna insikt v\u00e4ckte en fr\u00e5ga: Hur kan vi g\u00f6ra det b\u00e4ttre?<\/p>\t\t\t\t\t\t\t\t<\/div>\n\t\t\t\t<\/div>\n\t\t\t\t<\/div>\n\t\t<div class=\"elementor-element elementor-element-f499284 e-con-full e-flex e-con e-child\" data-id=\"f499284\" data-element_type=\"container\" data-e-type=\"container\">\n\t\t\t\t<div class=\"elementor-element elementor-element-12d7e03 elementor-widget elementor-widget-image\" data-id=\"12d7e03\" data-element_type=\"widget\" data-e-type=\"widget\" data-widget_type=\"image.default\">\n\t\t\t\t<div class=\"elementor-widget-container\">\n\t\t\t\t\t\t\t\t\t\t\t\t\t\t\t<img fetchpriority=\"high\" decoding=\"async\" width=\"900\" height=\"437\" src=\"https:\/\/metnor.se\/wp-content\/uploads\/2024\/07\/WhatsApp-Image-2024-04-29-at-13.55.59_60220c97-min.jpg\" class=\"attachment-full size-full wp-image-2300\" alt=\"\" srcset=\"https:\/\/metnor.se\/wp-content\/uploads\/2024\/07\/WhatsApp-Image-2024-04-29-at-13.55.59_60220c97-min.jpg 900w, https:\/\/metnor.se\/wp-content\/uploads\/2024\/07\/WhatsApp-Image-2024-04-29-at-13.55.59_60220c97-min-300x146.jpg 300w, https:\/\/metnor.se\/wp-content\/uploads\/2024\/07\/WhatsApp-Image-2024-04-29-at-13.55.59_60220c97-min-768x373.jpg 768w, https:\/\/metnor.se\/wp-content\/uploads\/2024\/07\/WhatsApp-Image-2024-04-29-at-13.55.59_60220c97-min-600x291.jpg 600w\" sizes=\"(max-width: 900px) 100vw, 900px\" \/>\t\t\t\t\t\t\t\t\t\t\t\t\t\t\t<\/div>\n\t\t\t\t<\/div>\n\t\t\t\t<\/div>\n\t\t\t\t\t<\/div>\n\t\t\t\t<\/div>\n\t\t<div class=\"elementor-element elementor-element-db808d9 e-flex e-con-boxed e-con e-parent\" data-id=\"db808d9\" data-element_type=\"container\" data-e-type=\"container\">\n\t\t\t\t\t<div class=\"e-con-inner\">\n\t\t\t\t<div class=\"elementor-element elementor-element-d67e745 elementor-widget elementor-widget-text-editor\" data-id=\"d67e745\" data-element_type=\"widget\" data-e-type=\"widget\" data-widget_type=\"text-editor.default\">\n\t\t\t\t<div class=\"elementor-widget-container\">\n\t\t\t\t\t\t\t\t\t<p>D\u00e4rifr\u00e5n f\u00f6ddes ambitionen att skapa en l\u00f6sning som erbjuder mer v\u00e4rde, effektivitet och flexibilitet f\u00f6r v\u00e5ra kunder. Vi fr\u00e5gade oss sj\u00e4lva: Hur kan vi revolutionera branschen och erbjuda kunderna det de verkligen beh\u00f6ver och f\u00f6rtj\u00e4nar?<\/p><p>Metnor \u00e4r svaret p\u00e5 denna utmaning. Vi \u00e4r h\u00e4r f\u00f6r att erbjuda innovativa l\u00f6sningar som bryter monopolst\u00e4llningar och ger kunderna makt \u00f6ver sina ink\u00f6p, med konkurrenskraftiga priser och snabba leveranser.<\/p>\t\t\t\t\t\t\t\t<\/div>\n\t\t\t\t<\/div>\n\t\t\t\t\t<\/div>\n\t\t\t\t<\/div>\n\t\t\t\t<\/div>","protected":false},"excerpt":{"rendered":"<p>Om oss Spindeln i n\u00e4tet och f\u00f6retaget f\u00f6r smidiga l\u00f6sningar. Det \u00e4r vi. Sedan v\u00e5r start har Metnor haft som uppgift att erbjuda varor och tj\u00e4nster snabbare, med certifierad h\u00f6g EU-kvalitet och till ett l\u00e4gre pris. Prova oss och bli positivt \u00f6verraskad. Metnor grundades utifr\u00e5n en vision som vi i ledningsteamet utvecklade under v\u00e5r tid [&hellip;]<\/p>\n","protected":false},"author":1,"featured_media":0,"parent":0,"menu_order":0,"comment_status":"closed","ping_status":"closed","template":"","meta":{"site-sidebar-layout":"no-sidebar","site-content-layout":"","ast-site-content-layout":"full-width-container","site-content-style":"default","site-sidebar-style":"default","ast-global-header-display":"","ast-banner-title-visibility":"","ast-main-header-display":"","ast-hfb-above-header-display":"","ast-hfb-below-header-display":"","ast-hfb-mobile-header-display":"","site-post-title":"disabled","ast-breadcrumbs-content":"","ast-featured-img":"disabled","footer-sml-layout":"","theme-transparent-header-meta":"","adv-header-id-meta":"","stick-header-meta":"","header-above-stick-meta":"","header-main-stick-meta":"","header-below-stick-meta":"","astra-migrate-meta-layouts":"default","ast-page-background-enabled":"default","ast-page-background-meta":{"desktop":{"background-color":"var(--ast-global-color-4)","background-image":"","background-repeat":"repeat","background-position":"center center","background-size":"auto","background-attachment":"scroll","background-type":"","background-media":"","overlay-type":"","overlay-color":"","overlay-opacity":"","overlay-gradient":""},"tablet":{"background-color":"","background-image":"","background-repeat":"repeat","background-position":"center center","background-size":"auto","background-attachment":"scroll","background-type":"","background-media":"","overlay-type":"","overlay-color":"","overlay-opacity":"","overlay-gradient":""},"mobile":{"background-color":"","background-image":"","background-repeat":"repeat","background-position":"center center","background-size":"auto","background-attachment":"scroll","background-type":"","background-media":"","overlay-type":"","overlay-color":"","overlay-opacity":"","overlay-gradient":""}},"ast-content-background-meta":{"desktop":{"background-color":"var(--ast-global-color-5)","background-image":"","background-repeat":"repeat","background-position":"center center","background-size":"auto","background-attachment":"scroll","background-type":"","background-media":"","overlay-type":"","overlay-color":"","overlay-opacity":"","overlay-gradient":""},"tablet":{"background-color":"var(--ast-global-color-5)","background-image":"","background-repeat":"repeat","background-position":"center center","background-size":"auto","background-attachment":"scroll","background-type":"","background-media":"","overlay-type":"","overlay-color":"","overlay-opacity":"","overlay-gradient":""},"mobile":{"background-color":"var(--ast-global-color-5)","background-image":"","background-repeat":"repeat","background-position":"center center","background-size":"auto","background-attachment":"scroll","background-type":"","background-media":"","overlay-type":"","overlay-color":"","overlay-opacity":"","overlay-gradient":""}},"footnotes":""},"class_list":["post-35","page","type-page","status-publish","hentry"],"_links":{"self":[{"href":"https:\/\/metnor.se\/en\/wp-json\/wp\/v2\/pages\/35","targetHints":{"allow":["GET"]}}],"collection":[{"href":"https:\/\/metnor.se\/en\/wp-json\/wp\/v2\/pages"}],"about":[{"href":"https:\/\/metnor.se\/en\/wp-json\/wp\/v2\/types\/page"}],"author":[{"embeddable":true,"href":"https:\/\/metnor.se\/en\/wp-json\/wp\/v2\/users\/1"}],"replies":[{"embeddable":true,"href":"https:\/\/metnor.se\/en\/wp-json\/wp\/v2\/comments?post=35"}],"version-history":[{"count":0,"href":"https:\/\/metnor.se\/en\/wp-json\/wp\/v2\/pages\/35\/revisions"}],"wp:attachment":[{"href":"https:\/\/metnor.se\/en\/wp-json\/wp\/v2\/media?parent=35"}],"curies":[{"name":"wp","href":"https:\/\/api.w.org\/{rel}","templated":true}]}}