{"id":34,"date":"2023-12-16T18:57:26","date_gmt":"2023-12-16T18:57:26","guid":{"rendered":"https:\/\/metnor.se\/?page_id=34"},"modified":"2024-05-21T03:31:04","modified_gmt":"2024-05-21T03:31:04","slug":"vara-produkter","status":"publish","type":"page","link":"https:\/\/metnor.se\/en\/vara-produkter\/","title":{"rendered":"V\u00e5ra produkter"},"content":{"rendered":"\t\t<div data-elementor-type=\"wp-page\" data-elementor-id=\"34\" class=\"elementor elementor-34\" data-elementor-post-type=\"page\">\n\t\t\t\t<div class=\"elementor-element elementor-element-b8c9f47 e-flex e-con-boxed e-con e-parent\" data-id=\"b8c9f47\" data-element_type=\"container\" data-e-type=\"container\">\n\t\t\t\t\t<div class=\"e-con-inner\">\n\t\t\t\t<div class=\"elementor-element elementor-element-574ebce elementor-widget elementor-widget-spacer\" data-id=\"574ebce\" data-element_type=\"widget\" data-e-type=\"widget\" data-widget_type=\"spacer.default\">\n\t\t\t\t<div class=\"elementor-widget-container\">\n\t\t\t\t\t\t\t<div class=\"elementor-spacer\">\n\t\t\t<div class=\"elementor-spacer-inner\"><\/div>\n\t\t<\/div>\n\t\t\t\t\t\t<\/div>\n\t\t\t\t<\/div>\n\t\t\t\t\t<\/div>\n\t\t\t\t<\/div>\n\t\t<div class=\"elementor-element elementor-element-8e99963 e-flex e-con-boxed e-con e-parent\" data-id=\"8e99963\" data-element_type=\"container\" data-e-type=\"container\">\n\t\t\t\t\t<div class=\"e-con-inner\">\n\t\t\t\t<div class=\"elementor-element elementor-element-cd80d1f elementor-widget elementor-widget-heading\" data-id=\"cd80d1f\" data-element_type=\"widget\" data-e-type=\"widget\" data-widget_type=\"heading.default\">\n\t\t\t\t<div class=\"elementor-widget-container\">\n\t\t\t\t\t<h2 class=\"elementor-heading-title elementor-size-default\">V\u00e5ra tj\u00e4nster och produkter<\/h2>\t\t\t\t<\/div>\n\t\t\t\t<\/div>\n\t\t\t\t\t<\/div>\n\t\t\t\t<\/div>\n\t\t<div class=\"elementor-element elementor-element-b20bf93 e-flex e-con-boxed e-con e-parent\" data-id=\"b20bf93\" data-element_type=\"container\" data-e-type=\"container\">\n\t\t\t\t\t<div class=\"e-con-inner\">\n\t\t<div class=\"elementor-element elementor-element-522b742 e-con-full e-flex e-con e-child\" data-id=\"522b742\" data-element_type=\"container\" data-e-type=\"container\">\n\t\t\t\t<div class=\"elementor-element elementor-element-0def174 elementor-widget elementor-widget-text-editor\" data-id=\"0def174\" data-element_type=\"widget\" data-e-type=\"widget\" data-widget_type=\"text-editor.default\">\n\t\t\t\t<div class=\"elementor-widget-container\">\n\t\t\t\t\t\t\t\t\t<p style=\"text-align: left;\"><strong>Varmf\u00f6rzinkning (VFZ)<\/strong><\/p><p style=\"text-align: left;\">Vi erbjuder ett o\u00f6vertr\u00e4ffat korrosionsskydd f\u00f6r st\u00e5lprodukter som uts\u00e4tts f\u00f6r v\u00e4der och vind.<\/p><p style=\"text-align: left;\">Vi erbjuder VFZ med stor kapacitet, f\u00f6r material upp till 12 meter, till ett mycket attraktivt \u00f6versk\u00e5dligt pris.<\/p><p style=\"text-align: left;\">Vi f\u00f6ljer EN 1461.<\/p>\t\t\t\t\t\t\t\t<\/div>\n\t\t\t\t<\/div>\n\t\t\t\t<\/div>\n\t\t<div class=\"elementor-element elementor-element-06c2c30 e-con-full e-flex e-con e-child\" data-id=\"06c2c30\" data-element_type=\"container\" data-e-type=\"container\">\n\t\t\t\t<div class=\"elementor-element elementor-element-7f7394c elementor-widget elementor-widget-image\" data-id=\"7f7394c\" data-element_type=\"widget\" data-e-type=\"widget\" data-widget_type=\"image.default\">\n\t\t\t\t<div class=\"elementor-widget-container\">\n\t\t\t\t\t\t\t\t\t\t\t\t\t\t\t<img fetchpriority=\"high\" decoding=\"async\" width=\"1024\" height=\"576\" src=\"https:\/\/metnor.se\/wp-content\/uploads\/2024\/01\/rorfixad-1024x576.png\" class=\"attachment-large size-large wp-image-226\" alt=\"\" srcset=\"https:\/\/metnor.se\/wp-content\/uploads\/2024\/01\/rorfixad-1024x576.png 1024w, https:\/\/metnor.se\/wp-content\/uploads\/2024\/01\/rorfixad-600x337.png 600w, https:\/\/metnor.se\/wp-content\/uploads\/2024\/01\/rorfixad-300x169.png 300w, https:\/\/metnor.se\/wp-content\/uploads\/2024\/01\/rorfixad-768x432.png 768w, https:\/\/metnor.se\/wp-content\/uploads\/2024\/01\/rorfixad-1536x864.png 1536w, https:\/\/metnor.se\/wp-content\/uploads\/2024\/01\/rorfixad-2048x1152.png 2048w, https:\/\/metnor.se\/wp-content\/uploads\/2024\/01\/rorfixad-18x10.png 18w\" sizes=\"(max-width: 1024px) 100vw, 1024px\" \/>\t\t\t\t\t\t\t\t\t\t\t\t\t\t\t<\/div>\n\t\t\t\t<\/div>\n\t\t\t\t<\/div>\n\t\t\t\t\t<\/div>\n\t\t\t\t<\/div>\n\t\t<div class=\"elementor-element elementor-element-7e90978 e-flex e-con-boxed e-con e-parent\" data-id=\"7e90978\" data-element_type=\"container\" data-e-type=\"container\">\n\t\t\t\t\t<div class=\"e-con-inner\">\n\t\t\t\t<div class=\"elementor-element elementor-element-63aaba4 elementor-align-center elementor-widget elementor-widget-button\" data-id=\"63aaba4\" data-element_type=\"widget\" data-e-type=\"widget\" data-widget_type=\"button.default\">\n\t\t\t\t<div class=\"elementor-widget-container\">\n\t\t\t\t\t\t\t\t\t<div class=\"elementor-button-wrapper\">\n\t\t\t\t\t<a class=\"elementor-button elementor-button-link elementor-size-sm\" href=\"#\">\n\t\t\t\t\t\t<span class=\"elementor-button-content-wrapper\">\n\t\t\t\t\t\t\t\t\t<span class=\"elementor-button-text\">Handla varmf\u00f6rzinkade produkter<\/span>\n\t\t\t\t\t<\/span>\n\t\t\t\t\t<\/a>\n\t\t\t\t<\/div>\n\t\t\t\t\t\t\t\t<\/div>\n\t\t\t\t<\/div>\n\t\t\t\t\t<\/div>\n\t\t\t\t<\/div>\n\t\t<div class=\"elementor-element elementor-element-ee72f06 e-flex e-con-boxed e-con e-parent\" data-id=\"ee72f06\" data-element_type=\"container\" data-e-type=\"container\">\n\t\t\t\t\t<div class=\"e-con-inner\">\n\t\t<div class=\"elementor-element elementor-element-91535e5 e-con-full e-flex e-con e-child\" data-id=\"91535e5\" data-element_type=\"container\" data-e-type=\"container\">\n\t\t\t\t<div class=\"elementor-element elementor-element-703dcf1 elementor-widget elementor-widget-text-editor\" data-id=\"703dcf1\" data-element_type=\"widget\" data-e-type=\"widget\" data-widget_type=\"text-editor.default\">\n\t\t\t\t<div class=\"elementor-widget-container\">\n\t\t\t\t\t\t\t\t\t<p><strong>Balkongl\u00f6sningar<\/strong><\/p><div class=\"flex flex-grow flex-col max-w-full\"><div class=\"min-h-[20px] text-message flex flex-col items-start gap-3 whitespace-pre-wrap break-words [.text-message+&amp;]:mt-5 overflow-x-auto\" data-message-author-role=\"assistant\" data-message-id=\"9b021e4b-a9d5-4f6f-bec0-508bd75e3610\"><div class=\"markdown prose w-full break-words dark:prose-invert light\"><p>Vi har ett brett och unikt utbud av balkongl\u00f6sningar som omfattar allt fr\u00e5n id\u00e9, tillverkning och installation \u2013 allt under ett tak. Oavsett om ni \u00e4r byggare som s\u00f6ker l\u00f6sningar f\u00f6r nyproduktion i aluminium, glas eller st\u00e5l, eller en bostadsr\u00e4ttsf\u00f6rening eller bostadsbolag som s\u00f6ker renovering och ers\u00e4ttning av existerande balkonger, har vi expertisen och resurserna f\u00f6r att m\u00f6ta era behov. V\u00e5r samarbetspartner i Litauen \u00e4r en ledande producent av balkonger i aluminium och glas. V\u00e5r egen verkstad st\u00e5r f\u00f6r modifikationer och installation.<\/p><p>Vi utf\u00f6r ocks\u00e5 tillverkning av arkitektritade balkonger i certifierat konstruktionsst\u00e5l, med alternativa rostskyddsmetoder s\u00e5 som varmf\u00f6rzinkning plus m\u00e5lning eller m\u00e5lning upp till korrosivitetsklass C5H. Samtliga av v\u00e5ra balkonger uppfyller Boverkets regler. Vi erbjuder 20 \u00e5rs garanti p\u00e5 samtliga balkongl\u00f6sningar.<\/p><\/div><\/div><\/div>\t\t\t\t\t\t\t\t<\/div>\n\t\t\t\t<\/div>\n\t\t\t\t<\/div>\n\t\t<div class=\"elementor-element elementor-element-4916be0 e-con-full e-flex e-con e-child\" data-id=\"4916be0\" data-element_type=\"container\" data-e-type=\"container\">\n\t\t\t\t<div class=\"elementor-element elementor-element-c73291e elementor-widget elementor-widget-image\" data-id=\"c73291e\" data-element_type=\"widget\" data-e-type=\"widget\" data-widget_type=\"image.default\">\n\t\t\t\t<div class=\"elementor-widget-container\">\n\t\t\t\t\t\t\t\t\t\t\t\t\t\t\t<img decoding=\"async\" width=\"512\" height=\"414\" src=\"https:\/\/metnor.se\/wp-content\/uploads\/2024\/01\/alt14.png\" class=\"attachment-large size-large wp-image-266\" alt=\"\" srcset=\"https:\/\/metnor.se\/wp-content\/uploads\/2024\/01\/alt14.png 512w, https:\/\/metnor.se\/wp-content\/uploads\/2024\/01\/alt14-300x243.png 300w\" sizes=\"(max-width: 512px) 100vw, 512px\" \/>\t\t\t\t\t\t\t\t\t\t\t\t\t\t\t<\/div>\n\t\t\t\t<\/div>\n\t\t\t\t<\/div>\n\t\t\t\t\t<\/div>\n\t\t\t\t<\/div>\n\t\t<div class=\"elementor-element elementor-element-ce533d3 e-flex e-con-boxed e-con e-parent\" data-id=\"ce533d3\" data-element_type=\"container\" data-e-type=\"container\">\n\t\t\t\t\t<div class=\"e-con-inner\">\n\t\t\t\t<div class=\"elementor-element elementor-element-4eb36a3 elementor-align-center elementor-widget elementor-widget-button\" data-id=\"4eb36a3\" data-element_type=\"widget\" data-e-type=\"widget\" data-widget_type=\"button.default\">\n\t\t\t\t<div class=\"elementor-widget-container\">\n\t\t\t\t\t\t\t\t\t<div class=\"elementor-button-wrapper\">\n\t\t\t\t\t<a class=\"elementor-button elementor-button-link elementor-size-sm\" href=\"#\">\n\t\t\t\t\t\t<span class=\"elementor-button-content-wrapper\">\n\t\t\t\t\t\t\t\t\t<span class=\"elementor-button-text\">Handla balkonger<\/span>\n\t\t\t\t\t<\/span>\n\t\t\t\t\t<\/a>\n\t\t\t\t<\/div>\n\t\t\t\t\t\t\t\t<\/div>\n\t\t\t\t<\/div>\n\t\t\t\t\t<\/div>\n\t\t\t\t<\/div>\n\t\t<div class=\"elementor-element elementor-element-c300b83 e-flex e-con-boxed e-con e-parent\" data-id=\"c300b83\" data-element_type=\"container\" data-e-type=\"container\">\n\t\t\t\t\t<div class=\"e-con-inner\">\n\t\t<div class=\"elementor-element elementor-element-1028830 e-con-full e-flex e-con e-child\" data-id=\"1028830\" data-element_type=\"container\" data-e-type=\"container\">\n\t\t\t\t<div class=\"elementor-element elementor-element-4de92e6 elementor-widget elementor-widget-text-editor\" data-id=\"4de92e6\" data-element_type=\"widget\" data-e-type=\"widget\" data-widget_type=\"text-editor.default\">\n\t\t\t\t<div class=\"elementor-widget-container\">\n\t\t\t\t\t\t\t\t\t<p><strong>St\u00e5ld\u00f6rrar och glaspartier<\/strong><\/p><p><span style=\"font-style: inherit; font-weight: inherit; text-align: var(--text-align); background-color: var(--ast-global-color-5); color: var(--ast-global-color-3);\">Vi erbjuder ett av de bredaste sortimentet av d\u00f6rrar med tillh\u00f6rande glaspartier i Norden. V\u00e5ra 3 samarbetspartners har stor kapacit och \u00e4r fullt certifierade f\u00f6r produktion av allt fr\u00e5n d\u00f6rrar helt i rostfritt syrafast st\u00e5l, till s\u00e4kerhetsklass SS-EN 1627 RC 5 och skotts\u00e4kra d\u00f6rrar EN 1522 klass FB6. Vi kan ocks\u00e5 varmgalvanisera d\u00f6rrar och m\u00e5la dessa till korrosivitetsklass C5 M-H.<\/span><\/p>\t\t\t\t\t\t\t\t<\/div>\n\t\t\t\t<\/div>\n\t\t\t\t<\/div>\n\t\t<div class=\"elementor-element elementor-element-74f649f e-con-full e-flex e-con e-child\" data-id=\"74f649f\" data-element_type=\"container\" data-e-type=\"container\">\n\t\t\t\t<div class=\"elementor-element elementor-element-0b12cef elementor-widget elementor-widget-image\" data-id=\"0b12cef\" data-element_type=\"widget\" data-e-type=\"widget\" data-widget_type=\"image.default\">\n\t\t\t\t<div class=\"elementor-widget-container\">\n\t\t\t\t\t\t\t\t\t\t\t\t\t\t\t<img decoding=\"async\" width=\"512\" height=\"512\" src=\"https:\/\/metnor.se\/wp-content\/uploads\/2024\/02\/staldorrarglaspartier.jpg\" class=\"attachment-large size-large wp-image-482\" alt=\"\" srcset=\"https:\/\/metnor.se\/wp-content\/uploads\/2024\/02\/staldorrarglaspartier.jpg 512w, https:\/\/metnor.se\/wp-content\/uploads\/2024\/02\/staldorrarglaspartier-300x300.jpg 300w, https:\/\/metnor.se\/wp-content\/uploads\/2024\/02\/staldorrarglaspartier-150x150.jpg 150w, https:\/\/metnor.se\/wp-content\/uploads\/2024\/02\/staldorrarglaspartier-100x100.jpg 100w\" sizes=\"(max-width: 512px) 100vw, 512px\" \/>\t\t\t\t\t\t\t\t\t\t\t\t\t\t\t<\/div>\n\t\t\t\t<\/div>\n\t\t\t\t<\/div>\n\t\t\t\t\t<\/div>\n\t\t\t\t<\/div>\n\t\t<div class=\"elementor-element elementor-element-d013e96 e-flex e-con-boxed e-con e-parent\" data-id=\"d013e96\" data-element_type=\"container\" data-e-type=\"container\">\n\t\t\t\t\t<div class=\"e-con-inner\">\n\t\t\t\t<div class=\"elementor-element elementor-element-92b2d91 elementor-align-center elementor-widget elementor-widget-button\" data-id=\"92b2d91\" data-element_type=\"widget\" data-e-type=\"widget\" data-widget_type=\"button.default\">\n\t\t\t\t<div class=\"elementor-widget-container\">\n\t\t\t\t\t\t\t\t\t<div class=\"elementor-button-wrapper\">\n\t\t\t\t\t<a class=\"elementor-button elementor-button-link elementor-size-sm\" href=\"#\">\n\t\t\t\t\t\t<span class=\"elementor-button-content-wrapper\">\n\t\t\t\t\t\t\t\t\t<span class=\"elementor-button-text\">Handla st\u00e5ld\u00f6rrar och glaspartier<\/span>\n\t\t\t\t\t<\/span>\n\t\t\t\t\t<\/a>\n\t\t\t\t<\/div>\n\t\t\t\t\t\t\t\t<\/div>\n\t\t\t\t<\/div>\n\t\t\t\t\t<\/div>\n\t\t\t\t<\/div>\n\t\t<div class=\"elementor-element elementor-element-9a03233 e-flex e-con-boxed e-con e-parent\" data-id=\"9a03233\" data-element_type=\"container\" data-e-type=\"container\">\n\t\t\t\t\t<div class=\"e-con-inner\">\n\t\t<div class=\"elementor-element elementor-element-92a4838 e-con-full e-flex e-con e-child\" data-id=\"92a4838\" data-element_type=\"container\" data-e-type=\"container\">\n\t\t\t\t<div class=\"elementor-element elementor-element-53cae04 elementor-widget elementor-widget-text-editor\" data-id=\"53cae04\" data-element_type=\"widget\" data-e-type=\"widget\" data-widget_type=\"text-editor.default\">\n\t\t\t\t<div class=\"elementor-widget-container\">\n\t\t\t\t\t\t\t\t\t<p><strong>Galvaniserade produkter<\/strong><\/p><p>Vi har ett mycket stort sortiment med varmf\u00f6rzinkade komponenter till trappor, r\u00e4cken och plattformar. v\u00e4gr\u00e4cken m.m. producerade enligt DIN 24531-2 och \u00e4r varmf\u00f6rzinkade enligt EN 1461.<\/p><p>Attraktiva priser och korta leveranstider.<\/p>\t\t\t\t\t\t\t\t<\/div>\n\t\t\t\t<\/div>\n\t\t\t\t<\/div>\n\t\t<div class=\"elementor-element elementor-element-9bcb468 e-con-full e-flex e-con e-child\" data-id=\"9bcb468\" data-element_type=\"container\" data-e-type=\"container\">\n\t\t\t\t<div class=\"elementor-element elementor-element-4c0eb91 elementor-widget elementor-widget-image\" data-id=\"4c0eb91\" data-element_type=\"widget\" data-e-type=\"widget\" data-widget_type=\"image.default\">\n\t\t\t\t<div class=\"elementor-widget-container\">\n\t\t\t\t\t\t\t\t\t\t\t\t\t\t\t<img loading=\"lazy\" decoding=\"async\" width=\"512\" height=\"366\" src=\"https:\/\/metnor.se\/wp-content\/uploads\/2024\/02\/produktgalva.jpg\" class=\"attachment-large size-large wp-image-476\" alt=\"\" srcset=\"https:\/\/metnor.se\/wp-content\/uploads\/2024\/02\/produktgalva.jpg 512w, https:\/\/metnor.se\/wp-content\/uploads\/2024\/02\/produktgalva-300x214.jpg 300w\" sizes=\"(max-width: 512px) 100vw, 512px\" \/>\t\t\t\t\t\t\t\t\t\t\t\t\t\t\t<\/div>\n\t\t\t\t<\/div>\n\t\t\t\t<\/div>\n\t\t\t\t\t<\/div>\n\t\t\t\t<\/div>\n\t\t<div class=\"elementor-element elementor-element-ca90c30 e-flex e-con-boxed e-con e-parent\" data-id=\"ca90c30\" data-element_type=\"container\" data-e-type=\"container\">\n\t\t\t\t\t<div class=\"e-con-inner\">\n\t\t\t\t<div class=\"elementor-element elementor-element-2daca5e elementor-align-center elementor-widget elementor-widget-button\" data-id=\"2daca5e\" data-element_type=\"widget\" data-e-type=\"widget\" data-widget_type=\"button.default\">\n\t\t\t\t<div class=\"elementor-widget-container\">\n\t\t\t\t\t\t\t\t\t<div class=\"elementor-button-wrapper\">\n\t\t\t\t\t<a class=\"elementor-button elementor-button-link elementor-size-sm\" href=\"#\">\n\t\t\t\t\t\t<span class=\"elementor-button-content-wrapper\">\n\t\t\t\t\t\t\t\t\t<span class=\"elementor-button-text\">Handla galvaniserade produkter<\/span>\n\t\t\t\t\t<\/span>\n\t\t\t\t\t<\/a>\n\t\t\t\t<\/div>\n\t\t\t\t\t\t\t\t<\/div>\n\t\t\t\t<\/div>\n\t\t\t\t\t<\/div>\n\t\t\t\t<\/div>\n\t\t<div class=\"elementor-element elementor-element-204003c e-flex e-con-boxed e-con e-parent\" data-id=\"204003c\" data-element_type=\"container\" data-e-type=\"container\">\n\t\t\t\t\t<div class=\"e-con-inner\">\n\t\t<div class=\"elementor-element elementor-element-408c2a2 e-con-full e-flex e-con e-child\" data-id=\"408c2a2\" data-element_type=\"container\" data-e-type=\"container\">\n\t\t\t\t<div class=\"elementor-element elementor-element-a02cb4f elementor-widget elementor-widget-text-editor\" data-id=\"a02cb4f\" data-element_type=\"widget\" data-e-type=\"widget\" data-widget_type=\"text-editor.default\">\n\t\t\t\t<div class=\"elementor-widget-container\">\n\t\t\t\t\t\t\t\t\t<p><strong>Sk\u00e4rning av metall<\/strong><\/p><p>Vi erbjuder snabb leverans av skuren metall upp till 25mm tjocklek fr\u00e4mst genom 2 metoder. Vattensk\u00e4rning och Lasersk\u00e4rning.<\/p><p>Vattensk\u00e4rning \u00e4r en h\u00f6gteknologisk process d\u00e4r vatten i extremt h\u00f6g koncentration och hastighet tillsammans med sand pressas genom ett r\u00f6r. Som tillverkningsmetod \u00e4r vattensk\u00e4rning m\u00e5ngsidig eftersom den erbjuder m\u00f6jligheter att sk\u00e4ra i en m\u00e4ngd olika material och tjocklekar.<\/p><p>Lasersk\u00e4rning- \u00c4ven de mest komplicerade konturerna kan sk\u00e4ras med laser, vilket \u00e4r ett effektivt alternativ till s\u00e5gning, borrning eller fr\u00e4sning. Oavsett material \u00e4r tj\u00e4nstens snabbhet och precision j\u00e4mf\u00f6rt med konventionella metoder f\u00f6r att sk\u00e4ra pl\u00e5t eller andra metallkomponenter oj\u00e4mf\u00f6rbara, och sj\u00e4lva enhetskostnaderna minskar med en h\u00f6gre best\u00e4llningspotential.<\/p>\t\t\t\t\t\t\t\t<\/div>\n\t\t\t\t<\/div>\n\t\t\t\t<\/div>\n\t\t<div class=\"elementor-element elementor-element-b7f0b8a e-con-full e-flex e-con e-child\" data-id=\"b7f0b8a\" data-element_type=\"container\" data-e-type=\"container\">\n\t\t\t\t<div class=\"elementor-element elementor-element-5bdb5b3 elementor-widget elementor-widget-image\" data-id=\"5bdb5b3\" data-element_type=\"widget\" data-e-type=\"widget\" data-widget_type=\"image.default\">\n\t\t\t\t<div class=\"elementor-widget-container\">\n\t\t\t\t\t\t\t\t\t\t\t\t\t\t\t<img loading=\"lazy\" decoding=\"async\" width=\"512\" height=\"256\" src=\"https:\/\/metnor.se\/wp-content\/uploads\/2024\/02\/skarningavmetal.jpg\" class=\"attachment-large size-large wp-image-504\" alt=\"\" srcset=\"https:\/\/metnor.se\/wp-content\/uploads\/2024\/02\/skarningavmetal.jpg 512w, https:\/\/metnor.se\/wp-content\/uploads\/2024\/02\/skarningavmetal-300x150.jpg 300w\" sizes=\"(max-width: 512px) 100vw, 512px\" \/>\t\t\t\t\t\t\t\t\t\t\t\t\t\t\t<\/div>\n\t\t\t\t<\/div>\n\t\t\t\t<\/div>\n\t\t\t\t\t<\/div>\n\t\t\t\t<\/div>\n\t\t<div class=\"elementor-element elementor-element-3df43cd e-flex e-con-boxed e-con e-parent\" data-id=\"3df43cd\" data-element_type=\"container\" data-e-type=\"container\">\n\t\t\t\t\t<div class=\"e-con-inner\">\n\t\t\t\t<div class=\"elementor-element elementor-element-b9120b0 elementor-align-center elementor-widget elementor-widget-button\" data-id=\"b9120b0\" data-element_type=\"widget\" data-e-type=\"widget\" data-widget_type=\"button.default\">\n\t\t\t\t<div class=\"elementor-widget-container\">\n\t\t\t\t\t\t\t\t\t<div class=\"elementor-button-wrapper\">\n\t\t\t\t\t<a class=\"elementor-button elementor-button-link elementor-size-sm\" href=\"#\">\n\t\t\t\t\t\t<span class=\"elementor-button-content-wrapper\">\n\t\t\t\t\t\t\t\t\t<span class=\"elementor-button-text\">Kontakta oss ang\u00e5ende sk\u00e4rning av metall<\/span>\n\t\t\t\t\t<\/span>\n\t\t\t\t\t<\/a>\n\t\t\t\t<\/div>\n\t\t\t\t\t\t\t\t<\/div>\n\t\t\t\t<\/div>\n\t\t\t\t\t<\/div>\n\t\t\t\t<\/div>\n\t\t<div class=\"elementor-element elementor-element-6926b32 e-flex e-con-boxed e-con e-parent\" data-id=\"6926b32\" data-element_type=\"container\" data-e-type=\"container\">\n\t\t\t\t\t<div class=\"e-con-inner\">\n\t\t<div class=\"elementor-element elementor-element-5eaaed3 e-con-full e-flex e-con e-child\" data-id=\"5eaaed3\" data-element_type=\"container\" data-e-type=\"container\">\n\t\t\t\t<div class=\"elementor-element elementor-element-c78dc12 elementor-widget elementor-widget-text-editor\" data-id=\"c78dc12\" data-element_type=\"widget\" data-e-type=\"widget\" data-widget_type=\"text-editor.default\">\n\t\t\t\t<div class=\"elementor-widget-container\">\n\t\t\t\t\t\t\t\t\t<p><strong>Ytbehandling \/ M\u00e5lning<br \/><\/strong><\/p><p>Med n\u00e4stan 50 \u00e5r som ledande inom rostskyddsl\u00f6sningar s\u00e5 m\u00e5lar vi st\u00e5l fr\u00e5n C2 till Korrosivitetsklass C5-I enligt ISO 12944-5. V\u00e5ra h\u00f6gpresterande bel\u00e4ggningar inkluderar brandskydd, speciella rostskyddsprodukter, produkter framtagna f\u00f6r underh\u00e5ll och topplacker som kommer att bibeh\u00e5lla finishen i m\u00e5nga \u00e5r fram\u00f6ver. Oavsett om m\u00e5lning ska ske p\u00e5 obehandlat st\u00e5l eller\u00a0galvaniserat.<\/p>\t\t\t\t\t\t\t\t<\/div>\n\t\t\t\t<\/div>\n\t\t\t\t<\/div>\n\t\t<div class=\"elementor-element elementor-element-2262bbf e-con-full e-flex e-con e-child\" data-id=\"2262bbf\" data-element_type=\"container\" data-e-type=\"container\">\n\t\t\t\t<div class=\"elementor-element elementor-element-47cf99d elementor-widget elementor-widget-image\" data-id=\"47cf99d\" data-element_type=\"widget\" data-e-type=\"widget\" data-widget_type=\"image.default\">\n\t\t\t\t<div class=\"elementor-widget-container\">\n\t\t\t\t\t\t\t\t\t\t\t\t\t\t\t<img loading=\"lazy\" decoding=\"async\" width=\"1024\" height=\"575\" src=\"https:\/\/metnor.se\/wp-content\/uploads\/2024\/02\/ytbehandling2-1024x575.jpg\" class=\"attachment-large size-large wp-image-544\" alt=\"\" srcset=\"https:\/\/metnor.se\/wp-content\/uploads\/2024\/02\/ytbehandling2-1024x575.jpg 1024w, https:\/\/metnor.se\/wp-content\/uploads\/2024\/02\/ytbehandling2-300x169.jpg 300w, https:\/\/metnor.se\/wp-content\/uploads\/2024\/02\/ytbehandling2-768x431.jpg 768w, https:\/\/metnor.se\/wp-content\/uploads\/2024\/02\/ytbehandling2-600x337.jpg 600w, https:\/\/metnor.se\/wp-content\/uploads\/2024\/02\/ytbehandling2.jpg 1125w\" sizes=\"(max-width: 1024px) 100vw, 1024px\" \/>\t\t\t\t\t\t\t\t\t\t\t\t\t\t\t<\/div>\n\t\t\t\t<\/div>\n\t\t\t\t<\/div>\n\t\t\t\t\t<\/div>\n\t\t\t\t<\/div>\n\t\t<div class=\"elementor-element elementor-element-022f940 e-flex e-con-boxed e-con e-parent\" data-id=\"022f940\" data-element_type=\"container\" data-e-type=\"container\">\n\t\t\t\t\t<div class=\"e-con-inner\">\n\t\t\t\t<div class=\"elementor-element elementor-element-069b7f9 elementor-align-center elementor-widget elementor-widget-button\" data-id=\"069b7f9\" data-element_type=\"widget\" data-e-type=\"widget\" data-widget_type=\"button.default\">\n\t\t\t\t<div class=\"elementor-widget-container\">\n\t\t\t\t\t\t\t\t\t<div class=\"elementor-button-wrapper\">\n\t\t\t\t\t<a class=\"elementor-button elementor-button-link elementor-size-sm\" href=\"#\">\n\t\t\t\t\t\t<span class=\"elementor-button-content-wrapper\">\n\t\t\t\t\t\t\t\t\t<span class=\"elementor-button-text\">Kontakta oss ang\u00e5ende ytbehandling<\/span>\n\t\t\t\t\t<\/span>\n\t\t\t\t\t<\/a>\n\t\t\t\t<\/div>\n\t\t\t\t\t\t\t\t<\/div>\n\t\t\t\t<\/div>\n\t\t\t\t\t<\/div>\n\t\t\t\t<\/div>\n\t\t\t\t<\/div>\n\t\t","protected":false},"excerpt":{"rendered":"<p>V\u00e5ra tj\u00e4nster och produkter Varmf\u00f6rzinkning (VFZ) Vi erbjuder ett o\u00f6vertr\u00e4ffat korrosionsskydd f\u00f6r st\u00e5lprodukter som uts\u00e4tts f\u00f6r v\u00e4der och vind. Vi erbjuder VFZ med stor kapacitet, f\u00f6r material upp till 12 meter, till ett mycket attraktivt \u00f6versk\u00e5dligt pris. Vi f\u00f6ljer EN 1461. Handla varmf\u00f6rzinkade produkter Balkongl\u00f6sningar Vi har ett brett och unikt utbud av balkongl\u00f6sningar som [&hellip;]<\/p>\n","protected":false},"author":1,"featured_media":0,"parent":0,"menu_order":0,"comment_status":"closed","ping_status":"closed","template":"","meta":{"site-sidebar-layout":"no-sidebar","site-content-layout":"","ast-site-content-layout":"full-width-container","site-content-style":"default","site-sidebar-style":"default","ast-global-header-display":"","ast-banner-title-visibility":"","ast-main-header-display":"","ast-hfb-above-header-display":"","ast-hfb-below-header-display":"","ast-hfb-mobile-header-display":"","site-post-title":"disabled","ast-breadcrumbs-content":"","ast-featured-img":"disabled","footer-sml-layout":"","theme-transparent-header-meta":"","adv-header-id-meta":"","stick-header-meta":"","header-above-stick-meta":"","header-main-stick-meta":"","header-below-stick-meta":"","astra-migrate-meta-layouts":"default","ast-page-background-enabled":"default","ast-page-background-meta":{"desktop":{"background-color":"var(--ast-global-color-4)","background-image":"","background-repeat":"repeat","background-position":"center center","background-size":"auto","background-attachment":"scroll","background-type":"","background-media":"","overlay-type":"","overlay-color":"","overlay-opacity":"","overlay-gradient":""},"tablet":{"background-color":"","background-image":"","background-repeat":"repeat","background-position":"center center","background-size":"auto","background-attachment":"scroll","background-type":"","background-media":"","overlay-type":"","overlay-color":"","overlay-opacity":"","overlay-gradient":""},"mobile":{"background-color":"","background-image":"","background-repeat":"repeat","background-position":"center center","background-size":"auto","background-attachment":"scroll","background-type":"","background-media":"","overlay-type":"","overlay-color":"","overlay-opacity":"","overlay-gradient":""}},"ast-content-background-meta":{"desktop":{"background-color":"var(--ast-global-color-5)","background-image":"","background-repeat":"repeat","background-position":"center center","background-size":"auto","background-attachment":"scroll","background-type":"","background-media":"","overlay-type":"","overlay-color":"","overlay-opacity":"","overlay-gradient":""},"tablet":{"background-color":"var(--ast-global-color-5)","background-image":"","background-repeat":"repeat","background-position":"center center","background-size":"auto","background-attachment":"scroll","background-type":"","background-media":"","overlay-type":"","overlay-color":"","overlay-opacity":"","overlay-gradient":""},"mobile":{"background-color":"var(--ast-global-color-5)","background-image":"","background-repeat":"repeat","background-position":"center center","background-size":"auto","background-attachment":"scroll","background-type":"","background-media":"","overlay-type":"","overlay-color":"","overlay-opacity":"","overlay-gradient":""}},"footnotes":""},"class_list":["post-34","page","type-page","status-publish","hentry"],"_links":{"self":[{"href":"https:\/\/metnor.se\/en\/wp-json\/wp\/v2\/pages\/34","targetHints":{"allow":["GET"]}}],"collection":[{"href":"https:\/\/metnor.se\/en\/wp-json\/wp\/v2\/pages"}],"about":[{"href":"https:\/\/metnor.se\/en\/wp-json\/wp\/v2\/types\/page"}],"author":[{"embeddable":true,"href":"https:\/\/metnor.se\/en\/wp-json\/wp\/v2\/users\/1"}],"replies":[{"embeddable":true,"href":"https:\/\/metnor.se\/en\/wp-json\/wp\/v2\/comments?post=34"}],"version-history":[{"count":0,"href":"https:\/\/metnor.se\/en\/wp-json\/wp\/v2\/pages\/34\/revisions"}],"wp:attachment":[{"href":"https:\/\/metnor.se\/en\/wp-json\/wp\/v2\/media?parent=34"}],"curies":[{"name":"wp","href":"https:\/\/api.w.org\/{rel}","templated":true}]}}